{"id":1101,"date":"2020-07-18T09:42:33","date_gmt":"2020-07-18T09:42:33","guid":{"rendered":"https:\/\/new.legacysulgen.ch\/?page_id=1101"},"modified":"2024-06-24T12:30:16","modified_gmt":"2024-06-24T12:30:16","slug":"seelsorge","status":"publish","type":"page","link":"https:\/\/www.feg-sulgen.ch\/index.php\/seelsorge\/","title":{"rendered":"Seelsorge: Glaubens- &#038; Lebensberatung"},"content":{"rendered":"\t\t<div data-elementor-type=\"wp-page\" data-elementor-id=\"1101\" class=\"elementor elementor-1101\" data-elementor-post-type=\"page\">\n\t\t\t\t\t\t<section class=\"elementor-section elementor-top-section elementor-element elementor-element-afdbbcc elementor-section-boxed elementor-section-height-default elementor-section-height-default\" data-id=\"afdbbcc\" data-element_type=\"section\" data-e-type=\"section\">\n\t\t\t\t\t\t<div class=\"elementor-container elementor-column-gap-default\">\n\t\t\t\t\t<div class=\"elementor-column elementor-col-100 elementor-top-column elementor-element elementor-element-2f4e346\" data-id=\"2f4e346\" data-element_type=\"column\" data-e-type=\"column\">\n\t\t\t<div class=\"elementor-widget-wrap elementor-element-populated\">\n\t\t\t\t\t\t<div class=\"elementor-element elementor-element-af73f45 elementor-icon-list--layout-traditional elementor-list-item-link-full_width elementor-widget elementor-widget-icon-list\" data-id=\"af73f45\" data-element_type=\"widget\" data-e-type=\"widget\" data-widget_type=\"icon-list.default\">\n\t\t\t\t<div class=\"elementor-widget-container\">\n\t\t\t\t\t\t\t<ul class=\"elementor-icon-list-items\">\n\t\t\t\t\t\t\t<li class=\"elementor-icon-list-item\">\n\t\t\t\t\t\t\t\t\t\t\t<a href=\"https:\/\/www.feg-sulgen.ch\/index.php\/lebensereignisse-2\/\">\n\n\t\t\t\t\t\t\t\t\t\t\t\t<span class=\"elementor-icon-list-icon\">\n\t\t\t\t\t\t\t<i aria-hidden=\"true\" class=\"fas fa-angle-left\"><\/i>\t\t\t\t\t\t<\/span>\n\t\t\t\t\t\t\t\t\t\t<span class=\"elementor-icon-list-text\">Zur\u00fcck zur Lebensereignisse<\/span>\n\t\t\t\t\t\t\t\t\t\t\t<\/a>\n\t\t\t\t\t\t\t\t\t<\/li>\n\t\t\t\t\t\t<\/ul>\n\t\t\t\t\t\t<\/div>\n\t\t\t\t<\/div>\n\t\t\t\t\t<\/div>\n\t\t<\/div>\n\t\t\t\t\t<\/div>\n\t\t<\/section>\n\t\t\t\t<section class=\"elementor-section elementor-top-section elementor-element elementor-element-a27b58f elementor-section-boxed elementor-section-height-default elementor-section-height-default\" data-id=\"a27b58f\" data-element_type=\"section\" data-e-type=\"section\">\n\t\t\t\t\t\t<div class=\"elementor-container elementor-column-gap-default\">\n\t\t\t\t\t<div class=\"elementor-column elementor-col-100 elementor-top-column elementor-element elementor-element-fae0565\" data-id=\"fae0565\" data-element_type=\"column\" data-e-type=\"column\">\n\t\t\t<div class=\"elementor-widget-wrap elementor-element-populated\">\n\t\t\t\t\t\t<div class=\"elementor-element elementor-element-dc5e396 elementor-widget elementor-widget-image\" data-id=\"dc5e396\" data-element_type=\"widget\" data-e-type=\"widget\" data-widget_type=\"image.default\">\n\t\t\t\t<div class=\"elementor-widget-container\">\n\t\t\t\t\t\t\t\t\t\t\t\t\t\t\t<img fetchpriority=\"high\" decoding=\"async\" width=\"768\" height=\"543\" src=\"https:\/\/www.feg-sulgen.ch\/wp-content\/uploads\/2020\/07\/Seelsorge-768x543.jpg\" class=\"attachment-medium_large size-medium_large wp-image-1104\" alt=\"\" srcset=\"https:\/\/www.feg-sulgen.ch\/wp-content\/uploads\/2020\/07\/Seelsorge-768x543.jpg 768w, https:\/\/www.feg-sulgen.ch\/wp-content\/uploads\/2020\/07\/Seelsorge-300x212.jpg 300w, https:\/\/www.feg-sulgen.ch\/wp-content\/uploads\/2020\/07\/Seelsorge-1024x724.jpg 1024w, https:\/\/www.feg-sulgen.ch\/wp-content\/uploads\/2020\/07\/Seelsorge-1536x1086.jpg 1536w, https:\/\/www.feg-sulgen.ch\/wp-content\/uploads\/2020\/07\/Seelsorge-2048x1448.jpg 2048w\" sizes=\"(max-width: 768px) 100vw, 768px\" \/>\t\t\t\t\t\t\t\t\t\t\t\t\t\t\t<\/div>\n\t\t\t\t<\/div>\n\t\t\t\t\t<\/div>\n\t\t<\/div>\n\t\t\t\t\t<\/div>\n\t\t<\/section>\n\t\t\t\t<section class=\"elementor-section elementor-top-section elementor-element elementor-element-696ce2f elementor-section-boxed elementor-section-height-default elementor-section-height-default\" data-id=\"696ce2f\" data-element_type=\"section\" data-e-type=\"section\">\n\t\t\t\t\t\t<div class=\"elementor-container elementor-column-gap-default\">\n\t\t\t\t\t<div class=\"elementor-column elementor-col-100 elementor-top-column elementor-element elementor-element-b83fec7\" data-id=\"b83fec7\" data-element_type=\"column\" data-e-type=\"column\">\n\t\t\t<div class=\"elementor-widget-wrap elementor-element-populated\">\n\t\t\t\t\t\t<div class=\"elementor-element elementor-element-8b3d36b elementor-widget elementor-widget-text-editor\" data-id=\"8b3d36b\" data-element_type=\"widget\" data-e-type=\"widget\" data-widget_type=\"text-editor.default\">\n\t\t\t\t<div class=\"elementor-widget-container\">\n\t\t\t\t\t\t\t\t\t<p style=\"font-weight: 400;\">Suchen Sie jemanden, der Ihnen einfach einmal zuh\u00f6rt?<br>Stecken Sie mitten in einem Beziehungs-Chaos oder in einer Krise?<br>Leiden Sie unter \u00c4ngsten, stehen Sie mitten in Konflikten?<br>Brauchen Sie Rat und Unterst\u00fctzung in einer bestimmten Frage?<br>M\u00f6chten Sie gewisse Bereiche im Leben weiterentwickeln?<br>Suchen Sie jemanden, der einen Sterbenden begleiten k\u00f6nnte?<\/p>\n<p style=\"font-weight: 400;\">Ja, manchmal kommen wir als Menschen bzw. als Paar an Punkte, wo wir mit der Bew\u00e4ltigung der Situation nicht weiterkommen oder es f\u00fcr unsere Entwicklung im Leben dienlich sein kann, Unterst\u00fctzung zu erhalten.<\/p>\n<p style=\"font-weight: 400;\">Wir haben Ihnen nicht einfach eine oder die L\u00f6sung. Sondern wir sind bereit, mit Ihnen Zeit zu verbringen, zuzuh\u00f6ren, uns gemeinsam auf den Weg zu machen und mit Ihnen die Fragen und Ihre Anliegen vor Gott zu bewegen. Oft ergeben sich aus solchen Gespr\u00e4chen und auch gerade aus den Begegnungen mit Gott hilfreiche Impulse f\u00fcr die zu bew\u00e4ltigende Situation.&nbsp;<\/p>\n<p style=\"font-weight: 400;\">Ein Team, bestehend aus M\u00e4nner und Frauen, steht Ihnen zur Verf\u00fcgung. Dabei unterstehen die Personen dem Seelsorgegeheimnis. Was ihnen anvertraut wird, wird in keiner Weise an Dritte weitergegeben.<\/p>\n<p style=\"font-weight: 400;\">Wenden Sie sich an uns, schreiben Sie eine E-Mail oder nehmen Sie direkt mit uns Kontakt auf: <a href=\"mailto:tam@sunrise.ch\">Thomas Ammann<\/a> \/ 079 456 13 59. Sie verpflichten sich dabei zu nichts. Wir freuen uns, dich zu unterst\u00fctzen und dich bzw. euch zu begleiten!<\/p>\t\t\t\t\t\t\t\t<\/div>\n\t\t\t\t<\/div>\n\t\t\t\t<div class=\"elementor-element elementor-element-1200b8d elementor-widget-divider--view-line elementor-widget elementor-widget-divider\" data-id=\"1200b8d\" data-element_type=\"widget\" data-e-type=\"widget\" data-widget_type=\"divider.default\">\n\t\t\t\t<div class=\"elementor-widget-container\">\n\t\t\t\t\t\t\t<div class=\"elementor-divider\">\n\t\t\t<span class=\"elementor-divider-separator\">\n\t\t\t\t\t\t<\/span>\n\t\t<\/div>\n\t\t\t\t\t\t<\/div>\n\t\t\t\t<\/div>\n\t\t\t\t\t<\/div>\n\t\t<\/div>\n\t\t\t\t\t<\/div>\n\t\t<\/section>\n\t\t\t\t<section class=\"elementor-section elementor-top-section elementor-element elementor-element-d2c0ca6 elementor-section-boxed elementor-section-height-default elementor-section-height-default\" data-id=\"d2c0ca6\" data-element_type=\"section\" data-e-type=\"section\">\n\t\t\t\t\t\t<div class=\"elementor-container elementor-column-gap-default\">\n\t\t\t\t\t<div class=\"elementor-column elementor-col-100 elementor-top-column elementor-element elementor-element-c1de820\" data-id=\"c1de820\" data-element_type=\"column\" data-e-type=\"column\">\n\t\t\t<div class=\"elementor-widget-wrap elementor-element-populated\">\n\t\t\t\t\t\t<div class=\"elementor-element elementor-element-2a37aa7 elementor-widget elementor-widget-text-editor\" data-id=\"2a37aa7\" data-element_type=\"widget\" data-e-type=\"widget\" data-widget_type=\"text-editor.default\">\n\t\t\t\t<div class=\"elementor-widget-container\">\n\t\t\t\t\t\t\t\t\t<h2>Flyer<\/h2>\t\t\t\t\t\t\t\t<\/div>\n\t\t\t\t<\/div>\n\t\t\t\t\t<\/div>\n\t\t<\/div>\n\t\t\t\t\t<\/div>\n\t\t<\/section>\n\t\t\t\t<section class=\"elementor-section elementor-top-section elementor-element elementor-element-7928f47 elementor-section-boxed elementor-section-height-default elementor-section-height-default\" data-id=\"7928f47\" data-element_type=\"section\" data-e-type=\"section\">\n\t\t\t\t\t\t<div class=\"elementor-container elementor-column-gap-default\">\n\t\t\t\t\t<div class=\"elementor-column elementor-col-50 elementor-top-column elementor-element elementor-element-160c032\" data-id=\"160c032\" data-element_type=\"column\" data-e-type=\"column\">\n\t\t\t<div class=\"elementor-widget-wrap elementor-element-populated\">\n\t\t\t\t\t\t<div class=\"elementor-element elementor-element-8fd8be3 elementor-widget elementor-widget-shortcode\" data-id=\"8fd8be3\" data-element_type=\"widget\" data-e-type=\"widget\" data-widget_type=\"shortcode.default\">\n\t\t\t\t<div class=\"elementor-widget-container\">\n\t\t\t\t\t\t\t<div class=\"elementor-shortcode\"><div class='w3eden'><!-- WPDM Link Template: Default Template -->\n\n<div class=\"link-template-default card mb-2\">\n    <div class=\"card-body\">\n        <div class=\"media\">\n            <div class=\"mr-3 img-48\"><img decoding=\"async\" class=\"wpdm_icon\" alt=\"Icon\"   src=\"http:\/\/www.feg-sulgen.ch\/wp-content\/plugins\/download-manager\/assets\/file-type-icons\/pdf.svg\" \/><\/div>\n            <div class=\"media-body\">\n                <h3 class=\"package-title\"><a href='https:\/\/www.feg-sulgen.ch\/index.php\/download\/seelsorge-glaubens-lebensberatung\/'>Seelsorge - Glaubens - Lebensberatung<\/a><\/h3>\n                <div class=\"text-muted text-small\"><i class=\"fas fa-copy\"><\/i> 1 Datei(en) <i class=\"fas fa-hdd ml-3\"><\/i> 4.29 MB<\/div>\n            <\/div>\n            <div class=\"ml-3\">\n                <a class='wpdm-download-link download-on-click btn btn-primary ' rel='nofollow' href='#' data-downloadurl=\"https:\/\/www.feg-sulgen.ch\/index.php\/download\/seelsorge-glaubens-lebensberatung\/?wpdmdl=1108&refresh=69e4e197ef3391776607639\">Download<\/a>\n            <\/div>\n        <\/div>\n    <\/div>\n<\/div>\n\n<\/div><\/div>\n\t\t\t\t\t\t<\/div>\n\t\t\t\t<\/div>\n\t\t\t\t\t<\/div>\n\t\t<\/div>\n\t\t\t\t<div class=\"elementor-column elementor-col-50 elementor-top-column elementor-element elementor-element-4a7e41a\" data-id=\"4a7e41a\" data-element_type=\"column\" data-e-type=\"column\">\n\t\t\t<div class=\"elementor-widget-wrap\">\n\t\t\t\t\t\t\t<\/div>\n\t\t<\/div>\n\t\t\t\t\t<\/div>\n\t\t<\/section>\n\t\t\t\t<\/div>\n\t\t","protected":false},"excerpt":{"rendered":"<p>Zur\u00fcck zur Lebensereignisse Suchen Sie jemanden, der Ihnen einfach einmal zuh\u00f6rt?Stecken Sie mitten in einem Beziehungs-Chaos oder in einer Krise?Leiden Sie unter \u00c4ngsten, stehen Sie mitten in Konflikten?Brauchen Sie Rat und Unterst\u00fctzung in einer bestimmten Frage?M\u00f6chten Sie gewisse Bereiche im Leben weiterentwickeln?Suchen Sie jemanden, der einen Sterbenden begleiten k\u00f6nnte? Ja, manchmal kommen wir als Menschen &#8230; <a title=\"Seelsorge: Glaubens- &#038; Lebensberatung\" class=\"read-more\" href=\"https:\/\/www.feg-sulgen.ch\/index.php\/seelsorge\/\" aria-label=\"Mehr Informationen \u00fcber Seelsorge: Glaubens- &#038; Lebensberatung\">Weiterlesen<\/a><\/p>\n","protected":false},"author":1,"featured_media":0,"parent":0,"menu_order":0,"comment_status":"closed","ping_status":"closed","template":"","meta":{"footnotes":""},"class_list":["post-1101","page","type-page","status-publish"],"yoast_head":"<!-- This site is optimized with the Yoast SEO plugin v27.4 - https:\/\/yoast.com\/product\/yoast-seo-wordpress\/ -->\n<title>Seelsorge: Glaubens- &amp; Lebensberatung - FEG Sulgen<\/title>\n<meta name=\"robots\" content=\"index, follow, max-snippet:-1, max-image-preview:large, max-video-preview:-1\" \/>\n<link rel=\"canonical\" href=\"https:\/\/www.feg-sulgen.ch\/index.php\/seelsorge\/\" \/>\n<meta property=\"og:locale\" content=\"de_DE\" \/>\n<meta property=\"og:type\" content=\"article\" \/>\n<meta property=\"og:title\" content=\"Seelsorge: Glaubens- &amp; Lebensberatung - FEG Sulgen\" \/>\n<meta property=\"og:description\" content=\"Zur\u00fcck zur Lebensereignisse Suchen Sie jemanden, der Ihnen einfach einmal zuh\u00f6rt?Stecken Sie mitten in einem Beziehungs-Chaos oder in einer Krise?Leiden Sie unter \u00c4ngsten, stehen Sie mitten in Konflikten?Brauchen Sie Rat und Unterst\u00fctzung in einer bestimmten Frage?M\u00f6chten Sie gewisse Bereiche im Leben weiterentwickeln?Suchen Sie jemanden, der einen Sterbenden begleiten k\u00f6nnte? Ja, manchmal kommen wir als Menschen ... Weiterlesen\" \/>\n<meta property=\"og:url\" content=\"https:\/\/www.feg-sulgen.ch\/index.php\/seelsorge\/\" \/>\n<meta property=\"og:site_name\" content=\"FEG Sulgen\" \/>\n<meta property=\"article:modified_time\" content=\"2024-06-24T12:30:16+00:00\" \/>\n<meta property=\"og:image\" content=\"https:\/\/www.feg-sulgen.ch\/wp-content\/uploads\/2020\/07\/Seelsorge-768x543.jpg\" \/>\n<meta name=\"twitter:card\" content=\"summary_large_image\" \/>\n<meta name=\"twitter:label1\" content=\"Gesch\u00e4tzte Lesezeit\" \/>\n\t<meta name=\"twitter:data1\" content=\"1\u00a0Minute\" \/>\n<script type=\"application\/ld+json\" class=\"yoast-schema-graph\">{\"@context\":\"https:\\\/\\\/schema.org\",\"@graph\":[{\"@type\":\"WebPage\",\"@id\":\"https:\\\/\\\/www.feg-sulgen.ch\\\/index.php\\\/seelsorge\\\/\",\"url\":\"https:\\\/\\\/www.feg-sulgen.ch\\\/index.php\\\/seelsorge\\\/\",\"name\":\"Seelsorge: Glaubens- & Lebensberatung - FEG Sulgen\",\"isPartOf\":{\"@id\":\"https:\\\/\\\/www.feg-sulgen.ch\\\/#website\"},\"primaryImageOfPage\":{\"@id\":\"https:\\\/\\\/www.feg-sulgen.ch\\\/index.php\\\/seelsorge\\\/#primaryimage\"},\"image\":{\"@id\":\"https:\\\/\\\/www.feg-sulgen.ch\\\/index.php\\\/seelsorge\\\/#primaryimage\"},\"thumbnailUrl\":\"https:\\\/\\\/www.feg-sulgen.ch\\\/wp-content\\\/uploads\\\/2020\\\/07\\\/Seelsorge-768x543.jpg\",\"datePublished\":\"2020-07-18T09:42:33+00:00\",\"dateModified\":\"2024-06-24T12:30:16+00:00\",\"breadcrumb\":{\"@id\":\"https:\\\/\\\/www.feg-sulgen.ch\\\/index.php\\\/seelsorge\\\/#breadcrumb\"},\"inLanguage\":\"de\",\"potentialAction\":[{\"@type\":\"ReadAction\",\"target\":[\"https:\\\/\\\/www.feg-sulgen.ch\\\/index.php\\\/seelsorge\\\/\"]}]},{\"@type\":\"ImageObject\",\"inLanguage\":\"de\",\"@id\":\"https:\\\/\\\/www.feg-sulgen.ch\\\/index.php\\\/seelsorge\\\/#primaryimage\",\"url\":\"https:\\\/\\\/www.feg-sulgen.ch\\\/wp-content\\\/uploads\\\/2020\\\/07\\\/Seelsorge-scaled.jpg\",\"contentUrl\":\"https:\\\/\\\/www.feg-sulgen.ch\\\/wp-content\\\/uploads\\\/2020\\\/07\\\/Seelsorge-scaled.jpg\",\"width\":2560,\"height\":1810},{\"@type\":\"BreadcrumbList\",\"@id\":\"https:\\\/\\\/www.feg-sulgen.ch\\\/index.php\\\/seelsorge\\\/#breadcrumb\",\"itemListElement\":[{\"@type\":\"ListItem\",\"position\":1,\"name\":\"Home\",\"item\":\"https:\\\/\\\/www.feg-sulgen.ch\\\/\"},{\"@type\":\"ListItem\",\"position\":2,\"name\":\"Seelsorge: Glaubens- &#038; Lebensberatung\"}]},{\"@type\":\"WebSite\",\"@id\":\"https:\\\/\\\/www.feg-sulgen.ch\\\/#website\",\"url\":\"https:\\\/\\\/www.feg-sulgen.ch\\\/\",\"name\":\"FEG Sulgen\",\"description\":\"Als Einheit in Bewegung!\",\"publisher\":{\"@id\":\"https:\\\/\\\/www.feg-sulgen.ch\\\/#organization\"},\"potentialAction\":[{\"@type\":\"SearchAction\",\"target\":{\"@type\":\"EntryPoint\",\"urlTemplate\":\"https:\\\/\\\/www.feg-sulgen.ch\\\/?s={search_term_string}\"},\"query-input\":{\"@type\":\"PropertyValueSpecification\",\"valueRequired\":true,\"valueName\":\"search_term_string\"}}],\"inLanguage\":\"de\"},{\"@type\":\"Organization\",\"@id\":\"https:\\\/\\\/www.feg-sulgen.ch\\\/#organization\",\"name\":\"FEG Sulgen\",\"url\":\"https:\\\/\\\/www.feg-sulgen.ch\\\/\",\"logo\":{\"@type\":\"ImageObject\",\"inLanguage\":\"de\",\"@id\":\"https:\\\/\\\/www.feg-sulgen.ch\\\/#\\\/schema\\\/logo\\\/image\\\/\",\"url\":\"https:\\\/\\\/www.feg-sulgen.ch\\\/wp-content\\\/uploads\\\/2020\\\/05\\\/cropped-FEG-Sulgen-3.jpg\",\"contentUrl\":\"https:\\\/\\\/www.feg-sulgen.ch\\\/wp-content\\\/uploads\\\/2020\\\/05\\\/cropped-FEG-Sulgen-3.jpg\",\"width\":658,\"height\":257,\"caption\":\"FEG Sulgen\"},\"image\":{\"@id\":\"https:\\\/\\\/www.feg-sulgen.ch\\\/#\\\/schema\\\/logo\\\/image\\\/\"}}]}<\/script>\n<!-- \/ Yoast SEO plugin. -->","yoast_head_json":{"title":"Seelsorge: Glaubens- & Lebensberatung - FEG Sulgen","robots":{"index":"index","follow":"follow","max-snippet":"max-snippet:-1","max-image-preview":"max-image-preview:large","max-video-preview":"max-video-preview:-1"},"canonical":"https:\/\/www.feg-sulgen.ch\/index.php\/seelsorge\/","og_locale":"de_DE","og_type":"article","og_title":"Seelsorge: Glaubens- & Lebensberatung - FEG Sulgen","og_description":"Zur\u00fcck zur Lebensereignisse Suchen Sie jemanden, der Ihnen einfach einmal zuh\u00f6rt?Stecken Sie mitten in einem Beziehungs-Chaos oder in einer Krise?Leiden Sie unter \u00c4ngsten, stehen Sie mitten in Konflikten?Brauchen Sie Rat und Unterst\u00fctzung in einer bestimmten Frage?M\u00f6chten Sie gewisse Bereiche im Leben weiterentwickeln?Suchen Sie jemanden, der einen Sterbenden begleiten k\u00f6nnte? Ja, manchmal kommen wir als Menschen ... Weiterlesen","og_url":"https:\/\/www.feg-sulgen.ch\/index.php\/seelsorge\/","og_site_name":"FEG Sulgen","article_modified_time":"2024-06-24T12:30:16+00:00","og_image":[{"url":"https:\/\/www.feg-sulgen.ch\/wp-content\/uploads\/2020\/07\/Seelsorge-768x543.jpg","type":"","width":"","height":""}],"twitter_card":"summary_large_image","twitter_misc":{"Gesch\u00e4tzte Lesezeit":"1\u00a0Minute"},"schema":{"@context":"https:\/\/schema.org","@graph":[{"@type":"WebPage","@id":"https:\/\/www.feg-sulgen.ch\/index.php\/seelsorge\/","url":"https:\/\/www.feg-sulgen.ch\/index.php\/seelsorge\/","name":"Seelsorge: Glaubens- & Lebensberatung - FEG Sulgen","isPartOf":{"@id":"https:\/\/www.feg-sulgen.ch\/#website"},"primaryImageOfPage":{"@id":"https:\/\/www.feg-sulgen.ch\/index.php\/seelsorge\/#primaryimage"},"image":{"@id":"https:\/\/www.feg-sulgen.ch\/index.php\/seelsorge\/#primaryimage"},"thumbnailUrl":"https:\/\/www.feg-sulgen.ch\/wp-content\/uploads\/2020\/07\/Seelsorge-768x543.jpg","datePublished":"2020-07-18T09:42:33+00:00","dateModified":"2024-06-24T12:30:16+00:00","breadcrumb":{"@id":"https:\/\/www.feg-sulgen.ch\/index.php\/seelsorge\/#breadcrumb"},"inLanguage":"de","potentialAction":[{"@type":"ReadAction","target":["https:\/\/www.feg-sulgen.ch\/index.php\/seelsorge\/"]}]},{"@type":"ImageObject","inLanguage":"de","@id":"https:\/\/www.feg-sulgen.ch\/index.php\/seelsorge\/#primaryimage","url":"https:\/\/www.feg-sulgen.ch\/wp-content\/uploads\/2020\/07\/Seelsorge-scaled.jpg","contentUrl":"https:\/\/www.feg-sulgen.ch\/wp-content\/uploads\/2020\/07\/Seelsorge-scaled.jpg","width":2560,"height":1810},{"@type":"BreadcrumbList","@id":"https:\/\/www.feg-sulgen.ch\/index.php\/seelsorge\/#breadcrumb","itemListElement":[{"@type":"ListItem","position":1,"name":"Home","item":"https:\/\/www.feg-sulgen.ch\/"},{"@type":"ListItem","position":2,"name":"Seelsorge: Glaubens- &#038; Lebensberatung"}]},{"@type":"WebSite","@id":"https:\/\/www.feg-sulgen.ch\/#website","url":"https:\/\/www.feg-sulgen.ch\/","name":"FEG Sulgen","description":"Als Einheit in Bewegung!","publisher":{"@id":"https:\/\/www.feg-sulgen.ch\/#organization"},"potentialAction":[{"@type":"SearchAction","target":{"@type":"EntryPoint","urlTemplate":"https:\/\/www.feg-sulgen.ch\/?s={search_term_string}"},"query-input":{"@type":"PropertyValueSpecification","valueRequired":true,"valueName":"search_term_string"}}],"inLanguage":"de"},{"@type":"Organization","@id":"https:\/\/www.feg-sulgen.ch\/#organization","name":"FEG Sulgen","url":"https:\/\/www.feg-sulgen.ch\/","logo":{"@type":"ImageObject","inLanguage":"de","@id":"https:\/\/www.feg-sulgen.ch\/#\/schema\/logo\/image\/","url":"https:\/\/www.feg-sulgen.ch\/wp-content\/uploads\/2020\/05\/cropped-FEG-Sulgen-3.jpg","contentUrl":"https:\/\/www.feg-sulgen.ch\/wp-content\/uploads\/2020\/05\/cropped-FEG-Sulgen-3.jpg","width":658,"height":257,"caption":"FEG Sulgen"},"image":{"@id":"https:\/\/www.feg-sulgen.ch\/#\/schema\/logo\/image\/"}}]}},"_links":{"self":[{"href":"https:\/\/www.feg-sulgen.ch\/index.php\/wp-json\/wp\/v2\/pages\/1101","targetHints":{"allow":["GET"]}}],"collection":[{"href":"https:\/\/www.feg-sulgen.ch\/index.php\/wp-json\/wp\/v2\/pages"}],"about":[{"href":"https:\/\/www.feg-sulgen.ch\/index.php\/wp-json\/wp\/v2\/types\/page"}],"author":[{"embeddable":true,"href":"https:\/\/www.feg-sulgen.ch\/index.php\/wp-json\/wp\/v2\/users\/1"}],"replies":[{"embeddable":true,"href":"https:\/\/www.feg-sulgen.ch\/index.php\/wp-json\/wp\/v2\/comments?post=1101"}],"version-history":[{"count":9,"href":"https:\/\/www.feg-sulgen.ch\/index.php\/wp-json\/wp\/v2\/pages\/1101\/revisions"}],"predecessor-version":[{"id":14187,"href":"https:\/\/www.feg-sulgen.ch\/index.php\/wp-json\/wp\/v2\/pages\/1101\/revisions\/14187"}],"wp:attachment":[{"href":"https:\/\/www.feg-sulgen.ch\/index.php\/wp-json\/wp\/v2\/media?parent=1101"}],"curies":[{"name":"wp","href":"https:\/\/api.w.org\/{rel}","templated":true}]}}