{"id":11437,"date":"2023-02-03T10:19:40","date_gmt":"2023-02-03T10:19:40","guid":{"rendered":"https:\/\/www.feg-sulgen.ch\/?page_id=11437"},"modified":"2023-03-27T08:38:42","modified_gmt":"2023-03-27T08:38:42","slug":"ostern-neu-erleben","status":"publish","type":"page","link":"https:\/\/www.feg-sulgen.ch\/index.php\/ostern-neu-erleben\/","title":{"rendered":"Ostern neu erleben"},"content":{"rendered":"\t\t<div data-elementor-type=\"wp-page\" data-elementor-id=\"11437\" class=\"elementor elementor-11437\" data-elementor-post-type=\"page\">\n\t\t\t\t\t\t<section class=\"elementor-section elementor-top-section elementor-element elementor-element-253ee74 elementor-section-boxed elementor-section-height-default elementor-section-height-default\" data-id=\"253ee74\" data-element_type=\"section\" data-e-type=\"section\">\n\t\t\t\t\t\t<div class=\"elementor-container elementor-column-gap-default\">\n\t\t\t\t\t<div class=\"elementor-column elementor-col-100 elementor-top-column elementor-element elementor-element-d6c29a9\" data-id=\"d6c29a9\" data-element_type=\"column\" data-e-type=\"column\">\n\t\t\t<div class=\"elementor-widget-wrap elementor-element-populated\">\n\t\t\t\t\t\t<div class=\"elementor-element elementor-element-9ea4a34 elementor-widget elementor-widget-heading\" data-id=\"9ea4a34\" data-element_type=\"widget\" data-e-type=\"widget\" data-widget_type=\"heading.default\">\n\t\t\t\t<div class=\"elementor-widget-container\">\n\t\t\t\t\t<h2 class=\"elementor-heading-title elementor-size-default\">Buchprojekt 12. M\u00e4rz bis 13. April 2023<\/h2>\t\t\t\t<\/div>\n\t\t\t\t<\/div>\n\t\t\t\t<div class=\"elementor-element elementor-element-ab88b37 elementor-widget elementor-widget-text-editor\" data-id=\"ab88b37\" data-element_type=\"widget\" data-e-type=\"widget\" data-widget_type=\"text-editor.default\">\n\t\t\t\t<div class=\"elementor-widget-container\">\n\t\t\t\t\t\t\t\t\t<p>Ostern ist das wichtigste Fest der Christen, aber f\u00fcr viele Menschen nur noch das l\u00e4ngste Wochenende des Jahres. Das wollen wir \u00e4ndern! Deshalb machen wir uns in den vier Wochen vor Ostern gemeinsam auf, die urspr\u00fcngliche Bedeutung von Ostern zur\u00fcck in unsere Zeit zu bringen. Und mit ihr eine neue Osterfreude.<\/p>\t\t\t\t\t\t\t\t<\/div>\n\t\t\t\t<\/div>\n\t\t\t\t<div class=\"elementor-element elementor-element-534a3d9 elementor-widget elementor-widget-text-editor\" data-id=\"534a3d9\" data-element_type=\"widget\" data-e-type=\"widget\" data-widget_type=\"text-editor.default\">\n\t\t\t\t<div class=\"elementor-widget-container\">\n\t\t\t\t\t\t\t\t\t<p>Wir wollen Ostern&nbsp;<strong>GEMEINSAM <\/strong>neu erleben! In f\u00fcnf Gottesdiensten, f\u00fcnf Kleingruppenabenden und t\u00e4glichen Inspirationen aus dem Projektbuch. Melde Dich an. Bestelle dein Buch. Lass Dich in eine Gruppe einteilen.<br>Hast Du eine Frage: <a href=\"mailto:martin.keller@feg-sulgen.ch\" target=\"_blank\" rel=\"noopener\">martin.keller@feg-sulgen.ch \/ <\/a>071 642 20 45<\/p>\t\t\t\t\t\t\t\t<\/div>\n\t\t\t\t<\/div>\n\t\t\t\t<div class=\"elementor-element elementor-element-3e69f18 elementor-widget elementor-widget-image\" data-id=\"3e69f18\" data-element_type=\"widget\" data-e-type=\"widget\" data-widget_type=\"image.default\">\n\t\t\t\t<div class=\"elementor-widget-container\">\n\t\t\t\t\t\t\t\t\t\t\t\t\t\t\t<img decoding=\"async\" src=\"https:\/\/www.feg-sulgen.ch\/wp-content\/uploads\/2023\/02\/ONE-GOTTESDIENST-Slides_1.jpg\" title=\"\" alt=\"\" loading=\"lazy\" \/>\t\t\t\t\t\t\t\t\t\t\t\t\t\t\t<\/div>\n\t\t\t\t<\/div>\n\t\t\t\t\t<\/div>\n\t\t<\/div>\n\t\t\t\t\t<\/div>\n\t\t<\/section>\n\t\t\t\t<\/div>\n\t\t","protected":false},"excerpt":{"rendered":"<p>Buchprojekt 12. M\u00e4rz bis 13. April 2023 Ostern ist das wichtigste Fest der Christen, aber f\u00fcr viele Menschen nur noch das l\u00e4ngste Wochenende des Jahres. Das wollen wir \u00e4ndern! Deshalb machen wir uns in den vier Wochen vor Ostern gemeinsam auf, die urspr\u00fcngliche Bedeutung von Ostern zur\u00fcck in unsere Zeit zu bringen. Und mit ihr &#8230; <a title=\"Ostern neu erleben\" class=\"read-more\" href=\"https:\/\/www.feg-sulgen.ch\/index.php\/ostern-neu-erleben\/\" aria-label=\"Mehr Informationen \u00fcber Ostern neu erleben\">Weiterlesen<\/a><\/p>\n","protected":false},"author":1,"featured_media":0,"parent":0,"menu_order":0,"comment_status":"closed","ping_status":"closed","template":"","meta":{"footnotes":""},"class_list":["post-11437","page","type-page","status-publish"],"yoast_head":"<!-- This site is optimized with the Yoast SEO plugin v27.4 - https:\/\/yoast.com\/product\/yoast-seo-wordpress\/ -->\n<title>Ostern neu erleben - FEG Sulgen<\/title>\n<meta name=\"robots\" content=\"index, follow, max-snippet:-1, max-image-preview:large, max-video-preview:-1\" \/>\n<link rel=\"canonical\" href=\"https:\/\/www.feg-sulgen.ch\/index.php\/ostern-neu-erleben\/\" \/>\n<meta property=\"og:locale\" content=\"de_DE\" \/>\n<meta property=\"og:type\" content=\"article\" \/>\n<meta property=\"og:title\" content=\"Ostern neu erleben - FEG Sulgen\" \/>\n<meta property=\"og:description\" content=\"Buchprojekt 12. M\u00e4rz bis 13. April 2023 Ostern ist das wichtigste Fest der Christen, aber f\u00fcr viele Menschen nur noch das l\u00e4ngste Wochenende des Jahres. Das wollen wir \u00e4ndern! Deshalb machen wir uns in den vier Wochen vor Ostern gemeinsam auf, die urspr\u00fcngliche Bedeutung von Ostern zur\u00fcck in unsere Zeit zu bringen. Und mit ihr ... Weiterlesen\" \/>\n<meta property=\"og:url\" content=\"https:\/\/www.feg-sulgen.ch\/index.php\/ostern-neu-erleben\/\" \/>\n<meta property=\"og:site_name\" content=\"FEG Sulgen\" \/>\n<meta property=\"article:modified_time\" content=\"2023-03-27T08:38:42+00:00\" \/>\n<meta property=\"og:image\" content=\"https:\/\/www.feg-sulgen.ch\/wp-content\/uploads\/2023\/02\/ONE-GOTTESDIENST-Slides_1.jpg\" \/>\n<meta name=\"twitter:card\" content=\"summary_large_image\" \/>\n<meta name=\"twitter:label1\" content=\"Gesch\u00e4tzte Lesezeit\" \/>\n\t<meta name=\"twitter:data1\" content=\"1\u00a0Minute\" \/>\n<script type=\"application\/ld+json\" class=\"yoast-schema-graph\">{\"@context\":\"https:\\\/\\\/schema.org\",\"@graph\":[{\"@type\":\"WebPage\",\"@id\":\"https:\\\/\\\/www.feg-sulgen.ch\\\/index.php\\\/ostern-neu-erleben\\\/\",\"url\":\"https:\\\/\\\/www.feg-sulgen.ch\\\/index.php\\\/ostern-neu-erleben\\\/\",\"name\":\"Ostern neu erleben - FEG Sulgen\",\"isPartOf\":{\"@id\":\"https:\\\/\\\/www.feg-sulgen.ch\\\/#website\"},\"primaryImageOfPage\":{\"@id\":\"https:\\\/\\\/www.feg-sulgen.ch\\\/index.php\\\/ostern-neu-erleben\\\/#primaryimage\"},\"image\":{\"@id\":\"https:\\\/\\\/www.feg-sulgen.ch\\\/index.php\\\/ostern-neu-erleben\\\/#primaryimage\"},\"thumbnailUrl\":\"https:\\\/\\\/www.feg-sulgen.ch\\\/wp-content\\\/uploads\\\/2023\\\/02\\\/ONE-GOTTESDIENST-Slides_1.jpg\",\"datePublished\":\"2023-02-03T10:19:40+00:00\",\"dateModified\":\"2023-03-27T08:38:42+00:00\",\"breadcrumb\":{\"@id\":\"https:\\\/\\\/www.feg-sulgen.ch\\\/index.php\\\/ostern-neu-erleben\\\/#breadcrumb\"},\"inLanguage\":\"de\",\"potentialAction\":[{\"@type\":\"ReadAction\",\"target\":[\"https:\\\/\\\/www.feg-sulgen.ch\\\/index.php\\\/ostern-neu-erleben\\\/\"]}]},{\"@type\":\"ImageObject\",\"inLanguage\":\"de\",\"@id\":\"https:\\\/\\\/www.feg-sulgen.ch\\\/index.php\\\/ostern-neu-erleben\\\/#primaryimage\",\"url\":\"https:\\\/\\\/www.feg-sulgen.ch\\\/wp-content\\\/uploads\\\/2023\\\/02\\\/ONE-GOTTESDIENST-Slides_1.jpg\",\"contentUrl\":\"https:\\\/\\\/www.feg-sulgen.ch\\\/wp-content\\\/uploads\\\/2023\\\/02\\\/ONE-GOTTESDIENST-Slides_1.jpg\"},{\"@type\":\"BreadcrumbList\",\"@id\":\"https:\\\/\\\/www.feg-sulgen.ch\\\/index.php\\\/ostern-neu-erleben\\\/#breadcrumb\",\"itemListElement\":[{\"@type\":\"ListItem\",\"position\":1,\"name\":\"Home\",\"item\":\"https:\\\/\\\/www.feg-sulgen.ch\\\/\"},{\"@type\":\"ListItem\",\"position\":2,\"name\":\"Ostern neu erleben\"}]},{\"@type\":\"WebSite\",\"@id\":\"https:\\\/\\\/www.feg-sulgen.ch\\\/#website\",\"url\":\"https:\\\/\\\/www.feg-sulgen.ch\\\/\",\"name\":\"FEG Sulgen\",\"description\":\"Als Einheit in Bewegung!\",\"publisher\":{\"@id\":\"https:\\\/\\\/www.feg-sulgen.ch\\\/#organization\"},\"potentialAction\":[{\"@type\":\"SearchAction\",\"target\":{\"@type\":\"EntryPoint\",\"urlTemplate\":\"https:\\\/\\\/www.feg-sulgen.ch\\\/?s={search_term_string}\"},\"query-input\":{\"@type\":\"PropertyValueSpecification\",\"valueRequired\":true,\"valueName\":\"search_term_string\"}}],\"inLanguage\":\"de\"},{\"@type\":\"Organization\",\"@id\":\"https:\\\/\\\/www.feg-sulgen.ch\\\/#organization\",\"name\":\"FEG Sulgen\",\"url\":\"https:\\\/\\\/www.feg-sulgen.ch\\\/\",\"logo\":{\"@type\":\"ImageObject\",\"inLanguage\":\"de\",\"@id\":\"https:\\\/\\\/www.feg-sulgen.ch\\\/#\\\/schema\\\/logo\\\/image\\\/\",\"url\":\"https:\\\/\\\/www.feg-sulgen.ch\\\/wp-content\\\/uploads\\\/2020\\\/05\\\/cropped-FEG-Sulgen-3.jpg\",\"contentUrl\":\"https:\\\/\\\/www.feg-sulgen.ch\\\/wp-content\\\/uploads\\\/2020\\\/05\\\/cropped-FEG-Sulgen-3.jpg\",\"width\":658,\"height\":257,\"caption\":\"FEG Sulgen\"},\"image\":{\"@id\":\"https:\\\/\\\/www.feg-sulgen.ch\\\/#\\\/schema\\\/logo\\\/image\\\/\"}}]}<\/script>\n<!-- \/ Yoast SEO plugin. -->","yoast_head_json":{"title":"Ostern neu erleben - FEG Sulgen","robots":{"index":"index","follow":"follow","max-snippet":"max-snippet:-1","max-image-preview":"max-image-preview:large","max-video-preview":"max-video-preview:-1"},"canonical":"https:\/\/www.feg-sulgen.ch\/index.php\/ostern-neu-erleben\/","og_locale":"de_DE","og_type":"article","og_title":"Ostern neu erleben - FEG Sulgen","og_description":"Buchprojekt 12. M\u00e4rz bis 13. April 2023 Ostern ist das wichtigste Fest der Christen, aber f\u00fcr viele Menschen nur noch das l\u00e4ngste Wochenende des Jahres. Das wollen wir \u00e4ndern! Deshalb machen wir uns in den vier Wochen vor Ostern gemeinsam auf, die urspr\u00fcngliche Bedeutung von Ostern zur\u00fcck in unsere Zeit zu bringen. Und mit ihr ... Weiterlesen","og_url":"https:\/\/www.feg-sulgen.ch\/index.php\/ostern-neu-erleben\/","og_site_name":"FEG Sulgen","article_modified_time":"2023-03-27T08:38:42+00:00","og_image":[{"url":"https:\/\/www.feg-sulgen.ch\/wp-content\/uploads\/2023\/02\/ONE-GOTTESDIENST-Slides_1.jpg","type":"","width":"","height":""}],"twitter_card":"summary_large_image","twitter_misc":{"Gesch\u00e4tzte Lesezeit":"1\u00a0Minute"},"schema":{"@context":"https:\/\/schema.org","@graph":[{"@type":"WebPage","@id":"https:\/\/www.feg-sulgen.ch\/index.php\/ostern-neu-erleben\/","url":"https:\/\/www.feg-sulgen.ch\/index.php\/ostern-neu-erleben\/","name":"Ostern neu erleben - FEG Sulgen","isPartOf":{"@id":"https:\/\/www.feg-sulgen.ch\/#website"},"primaryImageOfPage":{"@id":"https:\/\/www.feg-sulgen.ch\/index.php\/ostern-neu-erleben\/#primaryimage"},"image":{"@id":"https:\/\/www.feg-sulgen.ch\/index.php\/ostern-neu-erleben\/#primaryimage"},"thumbnailUrl":"https:\/\/www.feg-sulgen.ch\/wp-content\/uploads\/2023\/02\/ONE-GOTTESDIENST-Slides_1.jpg","datePublished":"2023-02-03T10:19:40+00:00","dateModified":"2023-03-27T08:38:42+00:00","breadcrumb":{"@id":"https:\/\/www.feg-sulgen.ch\/index.php\/ostern-neu-erleben\/#breadcrumb"},"inLanguage":"de","potentialAction":[{"@type":"ReadAction","target":["https:\/\/www.feg-sulgen.ch\/index.php\/ostern-neu-erleben\/"]}]},{"@type":"ImageObject","inLanguage":"de","@id":"https:\/\/www.feg-sulgen.ch\/index.php\/ostern-neu-erleben\/#primaryimage","url":"https:\/\/www.feg-sulgen.ch\/wp-content\/uploads\/2023\/02\/ONE-GOTTESDIENST-Slides_1.jpg","contentUrl":"https:\/\/www.feg-sulgen.ch\/wp-content\/uploads\/2023\/02\/ONE-GOTTESDIENST-Slides_1.jpg"},{"@type":"BreadcrumbList","@id":"https:\/\/www.feg-sulgen.ch\/index.php\/ostern-neu-erleben\/#breadcrumb","itemListElement":[{"@type":"ListItem","position":1,"name":"Home","item":"https:\/\/www.feg-sulgen.ch\/"},{"@type":"ListItem","position":2,"name":"Ostern neu erleben"}]},{"@type":"WebSite","@id":"https:\/\/www.feg-sulgen.ch\/#website","url":"https:\/\/www.feg-sulgen.ch\/","name":"FEG Sulgen","description":"Als Einheit in Bewegung!","publisher":{"@id":"https:\/\/www.feg-sulgen.ch\/#organization"},"potentialAction":[{"@type":"SearchAction","target":{"@type":"EntryPoint","urlTemplate":"https:\/\/www.feg-sulgen.ch\/?s={search_term_string}"},"query-input":{"@type":"PropertyValueSpecification","valueRequired":true,"valueName":"search_term_string"}}],"inLanguage":"de"},{"@type":"Organization","@id":"https:\/\/www.feg-sulgen.ch\/#organization","name":"FEG Sulgen","url":"https:\/\/www.feg-sulgen.ch\/","logo":{"@type":"ImageObject","inLanguage":"de","@id":"https:\/\/www.feg-sulgen.ch\/#\/schema\/logo\/image\/","url":"https:\/\/www.feg-sulgen.ch\/wp-content\/uploads\/2020\/05\/cropped-FEG-Sulgen-3.jpg","contentUrl":"https:\/\/www.feg-sulgen.ch\/wp-content\/uploads\/2020\/05\/cropped-FEG-Sulgen-3.jpg","width":658,"height":257,"caption":"FEG Sulgen"},"image":{"@id":"https:\/\/www.feg-sulgen.ch\/#\/schema\/logo\/image\/"}}]}},"_links":{"self":[{"href":"https:\/\/www.feg-sulgen.ch\/index.php\/wp-json\/wp\/v2\/pages\/11437","targetHints":{"allow":["GET"]}}],"collection":[{"href":"https:\/\/www.feg-sulgen.ch\/index.php\/wp-json\/wp\/v2\/pages"}],"about":[{"href":"https:\/\/www.feg-sulgen.ch\/index.php\/wp-json\/wp\/v2\/types\/page"}],"author":[{"embeddable":true,"href":"https:\/\/www.feg-sulgen.ch\/index.php\/wp-json\/wp\/v2\/users\/1"}],"replies":[{"embeddable":true,"href":"https:\/\/www.feg-sulgen.ch\/index.php\/wp-json\/wp\/v2\/comments?post=11437"}],"version-history":[{"count":0,"href":"https:\/\/www.feg-sulgen.ch\/index.php\/wp-json\/wp\/v2\/pages\/11437\/revisions"}],"wp:attachment":[{"href":"https:\/\/www.feg-sulgen.ch\/index.php\/wp-json\/wp\/v2\/media?parent=11437"}],"curies":[{"name":"wp","href":"https:\/\/api.w.org\/{rel}","templated":true}]}}