{"id":810,"date":"2020-07-17T05:46:45","date_gmt":"2020-07-17T05:46:45","guid":{"rendered":"https:\/\/new.legacysulgen.ch\/?page_id=810"},"modified":"2024-04-12T12:00:51","modified_gmt":"2024-04-12T12:00:51","slug":"unti","status":"publish","type":"page","link":"https:\/\/www.feg-sulgen.ch\/index.php\/unti\/","title":{"rendered":"Unti"},"content":{"rendered":"\t\t<div data-elementor-type=\"wp-page\" data-elementor-id=\"810\" class=\"elementor elementor-810\" data-elementor-post-type=\"page\">\n\t\t\t\t\t\t<section class=\"elementor-section elementor-top-section elementor-element elementor-element-fbd1a17 elementor-section-boxed elementor-section-height-default elementor-section-height-default\" data-id=\"fbd1a17\" data-element_type=\"section\" data-e-type=\"section\">\n\t\t\t\t\t\t<div class=\"elementor-container elementor-column-gap-default\">\n\t\t\t\t\t<div class=\"elementor-column elementor-col-100 elementor-top-column elementor-element elementor-element-7055894\" data-id=\"7055894\" data-element_type=\"column\" data-e-type=\"column\">\n\t\t\t<div class=\"elementor-widget-wrap elementor-element-populated\">\n\t\t\t\t\t\t<div class=\"elementor-element elementor-element-49fb7f8 elementor-icon-list--layout-traditional elementor-list-item-link-full_width elementor-widget elementor-widget-icon-list\" data-id=\"49fb7f8\" data-element_type=\"widget\" data-e-type=\"widget\" data-widget_type=\"icon-list.default\">\n\t\t\t\t<div class=\"elementor-widget-container\">\n\t\t\t\t\t\t\t<ul class=\"elementor-icon-list-items\">\n\t\t\t\t\t\t\t<li class=\"elementor-icon-list-item\">\n\t\t\t\t\t\t\t\t\t\t\t<a href=\"https:\/\/www.feg-sulgen.ch\/index.php\/jugend-2\/\">\n\n\t\t\t\t\t\t\t\t\t\t\t\t<span class=\"elementor-icon-list-icon\">\n\t\t\t\t\t\t\t<i aria-hidden=\"true\" class=\"fas fa-angle-left\"><\/i>\t\t\t\t\t\t<\/span>\n\t\t\t\t\t\t\t\t\t\t<span class=\"elementor-icon-list-text\">Zur\u00fcck zur Jugend<\/span>\n\t\t\t\t\t\t\t\t\t\t\t<\/a>\n\t\t\t\t\t\t\t\t\t<\/li>\n\t\t\t\t\t\t<\/ul>\n\t\t\t\t\t\t<\/div>\n\t\t\t\t<\/div>\n\t\t\t\t\t<\/div>\n\t\t<\/div>\n\t\t\t\t\t<\/div>\n\t\t<\/section>\n\t\t\t\t<section class=\"elementor-section elementor-top-section elementor-element elementor-element-a27b58f elementor-section-boxed elementor-section-height-default elementor-section-height-default\" data-id=\"a27b58f\" data-element_type=\"section\" data-e-type=\"section\">\n\t\t\t\t\t\t<div class=\"elementor-container elementor-column-gap-default\">\n\t\t\t\t\t<div class=\"elementor-column elementor-col-33 elementor-top-column elementor-element elementor-element-73e75d8\" data-id=\"73e75d8\" data-element_type=\"column\" data-e-type=\"column\">\n\t\t\t<div class=\"elementor-widget-wrap elementor-element-populated\">\n\t\t\t\t\t\t<div class=\"elementor-element elementor-element-7c95413 elementor-widget elementor-widget-image\" data-id=\"7c95413\" data-element_type=\"widget\" data-e-type=\"widget\" data-widget_type=\"image.default\">\n\t\t\t\t<div class=\"elementor-widget-container\">\n\t\t\t\t\t\t\t\t\t\t\t\t\t\t\t<img fetchpriority=\"high\" decoding=\"async\" width=\"768\" height=\"480\" src=\"https:\/\/www.feg-sulgen.ch\/wp-content\/uploads\/2020\/07\/Canva-Photo-of-Person-Flipping-Book-Page-768x480.jpg\" class=\"attachment-medium_large size-medium_large wp-image-1156\" alt=\"\" srcset=\"https:\/\/www.feg-sulgen.ch\/wp-content\/uploads\/2020\/07\/Canva-Photo-of-Person-Flipping-Book-Page-768x480.jpg 768w, https:\/\/www.feg-sulgen.ch\/wp-content\/uploads\/2020\/07\/Canva-Photo-of-Person-Flipping-Book-Page-300x187.jpg 300w, https:\/\/www.feg-sulgen.ch\/wp-content\/uploads\/2020\/07\/Canva-Photo-of-Person-Flipping-Book-Page-1024x640.jpg 1024w, https:\/\/www.feg-sulgen.ch\/wp-content\/uploads\/2020\/07\/Canva-Photo-of-Person-Flipping-Book-Page-1536x959.jpg 1536w, https:\/\/www.feg-sulgen.ch\/wp-content\/uploads\/2020\/07\/Canva-Photo-of-Person-Flipping-Book-Page-2048x1279.jpg 2048w\" sizes=\"(max-width: 768px) 100vw, 768px\" \/>\t\t\t\t\t\t\t\t\t\t\t\t\t\t\t<\/div>\n\t\t\t\t<\/div>\n\t\t\t\t\t<\/div>\n\t\t<\/div>\n\t\t\t\t<div class=\"elementor-column elementor-col-33 elementor-top-column elementor-element elementor-element-fae0565\" data-id=\"fae0565\" data-element_type=\"column\" data-e-type=\"column\">\n\t\t\t<div class=\"elementor-widget-wrap\">\n\t\t\t\t\t\t\t<\/div>\n\t\t<\/div>\n\t\t\t\t<div class=\"elementor-column elementor-col-33 elementor-top-column elementor-element elementor-element-1c1c8f2\" data-id=\"1c1c8f2\" data-element_type=\"column\" data-e-type=\"column\">\n\t\t\t<div class=\"elementor-widget-wrap elementor-element-populated\">\n\t\t\t\t\t\t<div class=\"elementor-element elementor-element-193f64f elementor-widget elementor-widget-image\" data-id=\"193f64f\" data-element_type=\"widget\" data-e-type=\"widget\" data-widget_type=\"image.default\">\n\t\t\t\t<div class=\"elementor-widget-container\">\n\t\t\t\t\t\t\t\t\t\t\t\t\t\t\t<img decoding=\"async\" width=\"240\" height=\"300\" src=\"https:\/\/www.feg-sulgen.ch\/wp-content\/uploads\/2024\/04\/Remy-240x300.jpeg\" class=\"attachment-medium size-medium wp-image-13810\" alt=\"\" srcset=\"https:\/\/www.feg-sulgen.ch\/wp-content\/uploads\/2024\/04\/Remy-240x300.jpeg 240w, https:\/\/www.feg-sulgen.ch\/wp-content\/uploads\/2024\/04\/Remy-819x1024.jpeg 819w, https:\/\/www.feg-sulgen.ch\/wp-content\/uploads\/2024\/04\/Remy-768x960.jpeg 768w, https:\/\/www.feg-sulgen.ch\/wp-content\/uploads\/2024\/04\/Remy-1229x1536.jpeg 1229w, https:\/\/www.feg-sulgen.ch\/wp-content\/uploads\/2024\/04\/Remy.jpeg 1555w\" sizes=\"(max-width: 240px) 100vw, 240px\" \/>\t\t\t\t\t\t\t\t\t\t\t\t\t\t\t<\/div>\n\t\t\t\t<\/div>\n\t\t\t\t<div class=\"elementor-element elementor-element-436ea13 elementor-widget elementor-widget-text-editor\" data-id=\"436ea13\" data-element_type=\"widget\" data-e-type=\"widget\" data-widget_type=\"text-editor.default\">\n\t\t\t\t<div class=\"elementor-widget-container\">\n\t\t\t\t\t\t\t\t\t<p style=\"text-align: center;\">Remy Hangartner<\/p>\t\t\t\t\t\t\t\t<\/div>\n\t\t\t\t<\/div>\n\t\t\t\t<div class=\"elementor-element elementor-element-847a1fc elementor-view-default elementor-widget elementor-widget-icon\" data-id=\"847a1fc\" data-element_type=\"widget\" data-e-type=\"widget\" data-widget_type=\"icon.default\">\n\t\t\t\t<div class=\"elementor-widget-container\">\n\t\t\t\t\t\t\t<div class=\"elementor-icon-wrapper\">\n\t\t\t<a class=\"elementor-icon\" href=\"mailto:remy.hangartner@feg-sulgen.ch\">\n\t\t\t<i aria-hidden=\"true\" class=\"far fa-envelope\"><\/i>\t\t\t<\/a>\n\t\t<\/div>\n\t\t\t\t\t\t<\/div>\n\t\t\t\t<\/div>\n\t\t\t\t\t<\/div>\n\t\t<\/div>\n\t\t\t\t\t<\/div>\n\t\t<\/section>\n\t\t\t\t<section class=\"elementor-section elementor-top-section elementor-element elementor-element-696ce2f elementor-section-boxed elementor-section-height-default elementor-section-height-default\" data-id=\"696ce2f\" data-element_type=\"section\" data-e-type=\"section\">\n\t\t\t\t\t\t<div class=\"elementor-container elementor-column-gap-default\">\n\t\t\t\t\t<div class=\"elementor-column elementor-col-100 elementor-top-column elementor-element elementor-element-b83fec7\" data-id=\"b83fec7\" data-element_type=\"column\" data-e-type=\"column\">\n\t\t\t<div class=\"elementor-widget-wrap elementor-element-populated\">\n\t\t\t\t\t\t<div class=\"elementor-element elementor-element-8b3d36b elementor-widget elementor-widget-text-editor\" data-id=\"8b3d36b\" data-element_type=\"widget\" data-e-type=\"widget\" data-widget_type=\"text-editor.default\">\n\t\t\t\t<div class=\"elementor-widget-container\">\n\t\t\t\t\t\t\t\t\t<p>Im Unti (Biblischer Unterricht) entdecken wir gemeinsam biblische Wahrheiten. Wir lernen die Bibel, das Alte und das Neue Testament, Menschen, ihre Geschichten, Gottes Gedanken zum Leben, zur Gemeinde und sein Rettungsangebot f\u00fcr uns Menschen kennen. Weltreligionen und Sekten sind genauso ein Thema wie das Sterben und die Ewigkeit. Im Unti wollen wir miteinander lernen, den Glauben mit dem Leben zu verkn\u00fcpfen und je l\u00e4nger je mehr verstehen zu k\u00f6nnen, was f\u00fcr geniale Gedanken Gott \u00fcber uns Menschen hat.<\/p>\t\t\t\t\t\t\t\t<\/div>\n\t\t\t\t<\/div>\n\t\t\t\t<div class=\"elementor-element elementor-element-1200b8d elementor-widget-divider--view-line elementor-widget elementor-widget-divider\" data-id=\"1200b8d\" data-element_type=\"widget\" data-e-type=\"widget\" data-widget_type=\"divider.default\">\n\t\t\t\t<div class=\"elementor-widget-container\">\n\t\t\t\t\t\t\t<div class=\"elementor-divider\">\n\t\t\t<span class=\"elementor-divider-separator\">\n\t\t\t\t\t\t<\/span>\n\t\t<\/div>\n\t\t\t\t\t\t<\/div>\n\t\t\t\t<\/div>\n\t\t\t\t\t<\/div>\n\t\t<\/div>\n\t\t\t\t\t<\/div>\n\t\t<\/section>\n\t\t\t\t<section class=\"elementor-section elementor-top-section elementor-element elementor-element-e2cff01 elementor-section-boxed elementor-section-height-default elementor-section-height-default\" data-id=\"e2cff01\" data-element_type=\"section\" data-e-type=\"section\">\n\t\t\t\t\t\t<div class=\"elementor-container elementor-column-gap-default\">\n\t\t\t\t\t<div class=\"elementor-column elementor-col-100 elementor-top-column elementor-element elementor-element-51e84f3\" data-id=\"51e84f3\" data-element_type=\"column\" data-e-type=\"column\">\n\t\t\t<div class=\"elementor-widget-wrap elementor-element-populated\">\n\t\t\t\t\t\t<div class=\"elementor-element elementor-element-aa219a3 elementor-widget elementor-widget-text-editor\" data-id=\"aa219a3\" data-element_type=\"widget\" data-e-type=\"widget\" data-widget_type=\"text-editor.default\">\n\t\t\t\t<div class=\"elementor-widget-container\">\n\t\t\t\t\t\t\t\t\t<h2>wer kann dabei sein<\/h2>\t\t\t\t\t\t\t\t<\/div>\n\t\t\t\t<\/div>\n\t\t\t\t\t<\/div>\n\t\t<\/div>\n\t\t\t\t\t<\/div>\n\t\t<\/section>\n\t\t\t\t<section class=\"elementor-section elementor-top-section elementor-element elementor-element-d2c0ca6 elementor-section-boxed elementor-section-height-default elementor-section-height-default\" data-id=\"d2c0ca6\" data-element_type=\"section\" data-e-type=\"section\">\n\t\t\t\t\t\t<div class=\"elementor-container elementor-column-gap-default\">\n\t\t\t\t\t<div class=\"elementor-column elementor-col-100 elementor-top-column elementor-element elementor-element-c1de820\" data-id=\"c1de820\" data-element_type=\"column\" data-e-type=\"column\">\n\t\t\t<div class=\"elementor-widget-wrap elementor-element-populated\">\n\t\t\t\t\t\t<div class=\"elementor-element elementor-element-2a37aa7 elementor-widget elementor-widget-text-editor\" data-id=\"2a37aa7\" data-element_type=\"widget\" data-e-type=\"widget\" data-widget_type=\"text-editor.default\">\n\t\t\t\t<div class=\"elementor-widget-container\">\n\t\t\t\t\t\t\t\t\t<p>Alle Teenies von 12 &#8211; 16 Jahre, die gerne mehr \u00fcber den dreieinigen Gott, die Bibel und dessen Alltagsrelevanz wissen m\u00f6chten.<\/p>\t\t\t\t\t\t\t\t<\/div>\n\t\t\t\t<\/div>\n\t\t\t\t<div class=\"elementor-element elementor-element-0f9db13 elementor-widget-divider--view-line elementor-widget elementor-widget-divider\" data-id=\"0f9db13\" data-element_type=\"widget\" data-e-type=\"widget\" data-widget_type=\"divider.default\">\n\t\t\t\t<div class=\"elementor-widget-container\">\n\t\t\t\t\t\t\t<div class=\"elementor-divider\">\n\t\t\t<span class=\"elementor-divider-separator\">\n\t\t\t\t\t\t<\/span>\n\t\t<\/div>\n\t\t\t\t\t\t<\/div>\n\t\t\t\t<\/div>\n\t\t\t\t\t<\/div>\n\t\t<\/div>\n\t\t\t\t\t<\/div>\n\t\t<\/section>\n\t\t\t\t<section class=\"elementor-section elementor-top-section elementor-element elementor-element-73df7b7 elementor-section-boxed elementor-section-height-default elementor-section-height-default\" data-id=\"73df7b7\" data-element_type=\"section\" data-e-type=\"section\">\n\t\t\t\t\t\t<div class=\"elementor-container elementor-column-gap-default\">\n\t\t\t\t\t<div class=\"elementor-column elementor-col-100 elementor-top-column elementor-element elementor-element-6bb01bb\" data-id=\"6bb01bb\" data-element_type=\"column\" data-e-type=\"column\">\n\t\t\t<div class=\"elementor-widget-wrap elementor-element-populated\">\n\t\t\t\t\t\t<div class=\"elementor-element elementor-element-3028025 elementor-widget elementor-widget-text-editor\" data-id=\"3028025\" data-element_type=\"widget\" data-e-type=\"widget\" data-widget_type=\"text-editor.default\">\n\t\t\t\t<div class=\"elementor-widget-container\">\n\t\t\t\t\t\t\t\t\t<h2>wir treffen uns&#8230;<\/h2>\t\t\t\t\t\t\t\t<\/div>\n\t\t\t\t<\/div>\n\t\t\t\t\t<\/div>\n\t\t<\/div>\n\t\t\t\t\t<\/div>\n\t\t<\/section>\n\t\t\t\t<section class=\"elementor-section elementor-top-section elementor-element elementor-element-99ee979 elementor-section-boxed elementor-section-height-default elementor-section-height-default\" data-id=\"99ee979\" data-element_type=\"section\" data-e-type=\"section\">\n\t\t\t\t\t\t<div class=\"elementor-container elementor-column-gap-default\">\n\t\t\t\t\t<div class=\"elementor-column elementor-col-100 elementor-top-column elementor-element elementor-element-5a0428b\" data-id=\"5a0428b\" data-element_type=\"column\" data-e-type=\"column\">\n\t\t\t<div class=\"elementor-widget-wrap elementor-element-populated\">\n\t\t\t\t\t\t<div class=\"elementor-element elementor-element-60dc974 elementor-widget elementor-widget-text-editor\" data-id=\"60dc974\" data-element_type=\"widget\" data-e-type=\"widget\" data-widget_type=\"text-editor.default\">\n\t\t\t\t<div class=\"elementor-widget-container\">\n\t\t\t\t\t\t\t\t\t<p>6. bis 8. Klasse jeden 2. Sonntag parallel zum&nbsp; Gottesdienst&nbsp; \/ ausser w\u00e4hrend den Schulferien).<br>9. Klasse jeweils am Montagabend von 18:00 &#8211; 19:15 Uhr (ausser in den Schulferien).<\/p>\t\t\t\t\t\t\t\t<\/div>\n\t\t\t\t<\/div>\n\t\t\t\t\t<\/div>\n\t\t<\/div>\n\t\t\t\t\t<\/div>\n\t\t<\/section>\n\t\t\t\t<\/div>\n\t\t","protected":false},"excerpt":{"rendered":"<p>Zur\u00fcck zur Jugend Remy Hangartner Im Unti (Biblischer Unterricht) entdecken wir gemeinsam biblische Wahrheiten. Wir lernen die Bibel, das Alte und das Neue Testament, Menschen, ihre Geschichten, Gottes Gedanken zum Leben, zur Gemeinde und sein Rettungsangebot f\u00fcr uns Menschen kennen. Weltreligionen und Sekten sind genauso ein Thema wie das Sterben und die Ewigkeit. Im Unti &#8230; <a title=\"Unti\" class=\"read-more\" href=\"https:\/\/www.feg-sulgen.ch\/index.php\/unti\/\" aria-label=\"Mehr Informationen \u00fcber Unti\">Weiterlesen<\/a><\/p>\n","protected":false},"author":1,"featured_media":0,"parent":0,"menu_order":0,"comment_status":"closed","ping_status":"closed","template":"","meta":{"footnotes":""},"class_list":["post-810","page","type-page","status-publish"],"yoast_head":"<!-- This site is optimized with the Yoast SEO plugin v27.4 - https:\/\/yoast.com\/product\/yoast-seo-wordpress\/ -->\n<title>Unti - FEG Sulgen<\/title>\n<meta name=\"robots\" content=\"index, follow, max-snippet:-1, max-image-preview:large, max-video-preview:-1\" \/>\n<link rel=\"canonical\" href=\"https:\/\/www.feg-sulgen.ch\/index.php\/unti\/\" \/>\n<meta property=\"og:locale\" content=\"de_DE\" \/>\n<meta property=\"og:type\" content=\"article\" \/>\n<meta property=\"og:title\" content=\"Unti - FEG Sulgen\" \/>\n<meta property=\"og:description\" content=\"Zur\u00fcck zur Jugend Remy Hangartner Im Unti (Biblischer Unterricht) entdecken wir gemeinsam biblische Wahrheiten. Wir lernen die Bibel, das Alte und das Neue Testament, Menschen, ihre Geschichten, Gottes Gedanken zum Leben, zur Gemeinde und sein Rettungsangebot f\u00fcr uns Menschen kennen. Weltreligionen und Sekten sind genauso ein Thema wie das Sterben und die Ewigkeit. Im Unti ... Weiterlesen\" \/>\n<meta property=\"og:url\" content=\"https:\/\/www.feg-sulgen.ch\/index.php\/unti\/\" \/>\n<meta property=\"og:site_name\" content=\"FEG Sulgen\" \/>\n<meta property=\"article:modified_time\" content=\"2024-04-12T12:00:51+00:00\" \/>\n<meta property=\"og:image\" content=\"https:\/\/www.feg-sulgen.ch\/wp-content\/uploads\/2020\/07\/Canva-Photo-of-Person-Flipping-Book-Page-768x480.jpg\" \/>\n<meta name=\"twitter:card\" content=\"summary_large_image\" \/>\n<meta name=\"twitter:label1\" content=\"Gesch\u00e4tzte Lesezeit\" \/>\n\t<meta name=\"twitter:data1\" content=\"1\u00a0Minute\" \/>\n<script type=\"application\/ld+json\" class=\"yoast-schema-graph\">{\"@context\":\"https:\\\/\\\/schema.org\",\"@graph\":[{\"@type\":\"WebPage\",\"@id\":\"https:\\\/\\\/www.feg-sulgen.ch\\\/index.php\\\/unti\\\/\",\"url\":\"https:\\\/\\\/www.feg-sulgen.ch\\\/index.php\\\/unti\\\/\",\"name\":\"Unti - FEG Sulgen\",\"isPartOf\":{\"@id\":\"https:\\\/\\\/www.feg-sulgen.ch\\\/#website\"},\"primaryImageOfPage\":{\"@id\":\"https:\\\/\\\/www.feg-sulgen.ch\\\/index.php\\\/unti\\\/#primaryimage\"},\"image\":{\"@id\":\"https:\\\/\\\/www.feg-sulgen.ch\\\/index.php\\\/unti\\\/#primaryimage\"},\"thumbnailUrl\":\"https:\\\/\\\/www.feg-sulgen.ch\\\/wp-content\\\/uploads\\\/2020\\\/07\\\/Canva-Photo-of-Person-Flipping-Book-Page-768x480.jpg\",\"datePublished\":\"2020-07-17T05:46:45+00:00\",\"dateModified\":\"2024-04-12T12:00:51+00:00\",\"breadcrumb\":{\"@id\":\"https:\\\/\\\/www.feg-sulgen.ch\\\/index.php\\\/unti\\\/#breadcrumb\"},\"inLanguage\":\"de\",\"potentialAction\":[{\"@type\":\"ReadAction\",\"target\":[\"https:\\\/\\\/www.feg-sulgen.ch\\\/index.php\\\/unti\\\/\"]}]},{\"@type\":\"ImageObject\",\"inLanguage\":\"de\",\"@id\":\"https:\\\/\\\/www.feg-sulgen.ch\\\/index.php\\\/unti\\\/#primaryimage\",\"url\":\"https:\\\/\\\/www.feg-sulgen.ch\\\/wp-content\\\/uploads\\\/2020\\\/07\\\/Canva-Photo-of-Person-Flipping-Book-Page-scaled.jpg\",\"contentUrl\":\"https:\\\/\\\/www.feg-sulgen.ch\\\/wp-content\\\/uploads\\\/2020\\\/07\\\/Canva-Photo-of-Person-Flipping-Book-Page-scaled.jpg\",\"width\":2560,\"height\":1599},{\"@type\":\"BreadcrumbList\",\"@id\":\"https:\\\/\\\/www.feg-sulgen.ch\\\/index.php\\\/unti\\\/#breadcrumb\",\"itemListElement\":[{\"@type\":\"ListItem\",\"position\":1,\"name\":\"Home\",\"item\":\"https:\\\/\\\/www.feg-sulgen.ch\\\/\"},{\"@type\":\"ListItem\",\"position\":2,\"name\":\"Unti\"}]},{\"@type\":\"WebSite\",\"@id\":\"https:\\\/\\\/www.feg-sulgen.ch\\\/#website\",\"url\":\"https:\\\/\\\/www.feg-sulgen.ch\\\/\",\"name\":\"FEG Sulgen\",\"description\":\"Als Einheit in Bewegung!\",\"publisher\":{\"@id\":\"https:\\\/\\\/www.feg-sulgen.ch\\\/#organization\"},\"potentialAction\":[{\"@type\":\"SearchAction\",\"target\":{\"@type\":\"EntryPoint\",\"urlTemplate\":\"https:\\\/\\\/www.feg-sulgen.ch\\\/?s={search_term_string}\"},\"query-input\":{\"@type\":\"PropertyValueSpecification\",\"valueRequired\":true,\"valueName\":\"search_term_string\"}}],\"inLanguage\":\"de\"},{\"@type\":\"Organization\",\"@id\":\"https:\\\/\\\/www.feg-sulgen.ch\\\/#organization\",\"name\":\"FEG Sulgen\",\"url\":\"https:\\\/\\\/www.feg-sulgen.ch\\\/\",\"logo\":{\"@type\":\"ImageObject\",\"inLanguage\":\"de\",\"@id\":\"https:\\\/\\\/www.feg-sulgen.ch\\\/#\\\/schema\\\/logo\\\/image\\\/\",\"url\":\"https:\\\/\\\/www.feg-sulgen.ch\\\/wp-content\\\/uploads\\\/2020\\\/05\\\/cropped-FEG-Sulgen-3.jpg\",\"contentUrl\":\"https:\\\/\\\/www.feg-sulgen.ch\\\/wp-content\\\/uploads\\\/2020\\\/05\\\/cropped-FEG-Sulgen-3.jpg\",\"width\":658,\"height\":257,\"caption\":\"FEG Sulgen\"},\"image\":{\"@id\":\"https:\\\/\\\/www.feg-sulgen.ch\\\/#\\\/schema\\\/logo\\\/image\\\/\"}}]}<\/script>\n<!-- \/ Yoast SEO plugin. -->","yoast_head_json":{"title":"Unti - FEG Sulgen","robots":{"index":"index","follow":"follow","max-snippet":"max-snippet:-1","max-image-preview":"max-image-preview:large","max-video-preview":"max-video-preview:-1"},"canonical":"https:\/\/www.feg-sulgen.ch\/index.php\/unti\/","og_locale":"de_DE","og_type":"article","og_title":"Unti - FEG Sulgen","og_description":"Zur\u00fcck zur Jugend Remy Hangartner Im Unti (Biblischer Unterricht) entdecken wir gemeinsam biblische Wahrheiten. Wir lernen die Bibel, das Alte und das Neue Testament, Menschen, ihre Geschichten, Gottes Gedanken zum Leben, zur Gemeinde und sein Rettungsangebot f\u00fcr uns Menschen kennen. Weltreligionen und Sekten sind genauso ein Thema wie das Sterben und die Ewigkeit. Im Unti ... Weiterlesen","og_url":"https:\/\/www.feg-sulgen.ch\/index.php\/unti\/","og_site_name":"FEG Sulgen","article_modified_time":"2024-04-12T12:00:51+00:00","og_image":[{"url":"https:\/\/www.feg-sulgen.ch\/wp-content\/uploads\/2020\/07\/Canva-Photo-of-Person-Flipping-Book-Page-768x480.jpg","type":"","width":"","height":""}],"twitter_card":"summary_large_image","twitter_misc":{"Gesch\u00e4tzte Lesezeit":"1\u00a0Minute"},"schema":{"@context":"https:\/\/schema.org","@graph":[{"@type":"WebPage","@id":"https:\/\/www.feg-sulgen.ch\/index.php\/unti\/","url":"https:\/\/www.feg-sulgen.ch\/index.php\/unti\/","name":"Unti - FEG Sulgen","isPartOf":{"@id":"https:\/\/www.feg-sulgen.ch\/#website"},"primaryImageOfPage":{"@id":"https:\/\/www.feg-sulgen.ch\/index.php\/unti\/#primaryimage"},"image":{"@id":"https:\/\/www.feg-sulgen.ch\/index.php\/unti\/#primaryimage"},"thumbnailUrl":"https:\/\/www.feg-sulgen.ch\/wp-content\/uploads\/2020\/07\/Canva-Photo-of-Person-Flipping-Book-Page-768x480.jpg","datePublished":"2020-07-17T05:46:45+00:00","dateModified":"2024-04-12T12:00:51+00:00","breadcrumb":{"@id":"https:\/\/www.feg-sulgen.ch\/index.php\/unti\/#breadcrumb"},"inLanguage":"de","potentialAction":[{"@type":"ReadAction","target":["https:\/\/www.feg-sulgen.ch\/index.php\/unti\/"]}]},{"@type":"ImageObject","inLanguage":"de","@id":"https:\/\/www.feg-sulgen.ch\/index.php\/unti\/#primaryimage","url":"https:\/\/www.feg-sulgen.ch\/wp-content\/uploads\/2020\/07\/Canva-Photo-of-Person-Flipping-Book-Page-scaled.jpg","contentUrl":"https:\/\/www.feg-sulgen.ch\/wp-content\/uploads\/2020\/07\/Canva-Photo-of-Person-Flipping-Book-Page-scaled.jpg","width":2560,"height":1599},{"@type":"BreadcrumbList","@id":"https:\/\/www.feg-sulgen.ch\/index.php\/unti\/#breadcrumb","itemListElement":[{"@type":"ListItem","position":1,"name":"Home","item":"https:\/\/www.feg-sulgen.ch\/"},{"@type":"ListItem","position":2,"name":"Unti"}]},{"@type":"WebSite","@id":"https:\/\/www.feg-sulgen.ch\/#website","url":"https:\/\/www.feg-sulgen.ch\/","name":"FEG Sulgen","description":"Als Einheit in Bewegung!","publisher":{"@id":"https:\/\/www.feg-sulgen.ch\/#organization"},"potentialAction":[{"@type":"SearchAction","target":{"@type":"EntryPoint","urlTemplate":"https:\/\/www.feg-sulgen.ch\/?s={search_term_string}"},"query-input":{"@type":"PropertyValueSpecification","valueRequired":true,"valueName":"search_term_string"}}],"inLanguage":"de"},{"@type":"Organization","@id":"https:\/\/www.feg-sulgen.ch\/#organization","name":"FEG Sulgen","url":"https:\/\/www.feg-sulgen.ch\/","logo":{"@type":"ImageObject","inLanguage":"de","@id":"https:\/\/www.feg-sulgen.ch\/#\/schema\/logo\/image\/","url":"https:\/\/www.feg-sulgen.ch\/wp-content\/uploads\/2020\/05\/cropped-FEG-Sulgen-3.jpg","contentUrl":"https:\/\/www.feg-sulgen.ch\/wp-content\/uploads\/2020\/05\/cropped-FEG-Sulgen-3.jpg","width":658,"height":257,"caption":"FEG Sulgen"},"image":{"@id":"https:\/\/www.feg-sulgen.ch\/#\/schema\/logo\/image\/"}}]}},"_links":{"self":[{"href":"https:\/\/www.feg-sulgen.ch\/index.php\/wp-json\/wp\/v2\/pages\/810","targetHints":{"allow":["GET"]}}],"collection":[{"href":"https:\/\/www.feg-sulgen.ch\/index.php\/wp-json\/wp\/v2\/pages"}],"about":[{"href":"https:\/\/www.feg-sulgen.ch\/index.php\/wp-json\/wp\/v2\/types\/page"}],"author":[{"embeddable":true,"href":"https:\/\/www.feg-sulgen.ch\/index.php\/wp-json\/wp\/v2\/users\/1"}],"replies":[{"embeddable":true,"href":"https:\/\/www.feg-sulgen.ch\/index.php\/wp-json\/wp\/v2\/comments?post=810"}],"version-history":[{"count":3,"href":"https:\/\/www.feg-sulgen.ch\/index.php\/wp-json\/wp\/v2\/pages\/810\/revisions"}],"predecessor-version":[{"id":13813,"href":"https:\/\/www.feg-sulgen.ch\/index.php\/wp-json\/wp\/v2\/pages\/810\/revisions\/13813"}],"wp:attachment":[{"href":"https:\/\/www.feg-sulgen.ch\/index.php\/wp-json\/wp\/v2\/media?parent=810"}],"curies":[{"name":"wp","href":"https:\/\/api.w.org\/{rel}","templated":true}]}}