{"id":816,"date":"2020-07-17T05:47:42","date_gmt":"2020-07-17T05:47:42","guid":{"rendered":"https:\/\/new.legacysulgen.ch\/?page_id=816"},"modified":"2026-03-26T12:43:05","modified_gmt":"2026-03-26T12:43:05","slug":"roundabout","status":"publish","type":"page","link":"https:\/\/www.feg-sulgen.ch\/index.php\/roundabout\/","title":{"rendered":"roundabout"},"content":{"rendered":"\t\t<div data-elementor-type=\"wp-page\" data-elementor-id=\"816\" class=\"elementor elementor-816\" data-elementor-post-type=\"page\">\n\t\t\t\t\t\t<section class=\"elementor-section elementor-top-section elementor-element elementor-element-3b311d4 elementor-section-boxed elementor-section-height-default elementor-section-height-default\" data-id=\"3b311d4\" data-element_type=\"section\" data-e-type=\"section\">\n\t\t\t\t\t\t<div class=\"elementor-container elementor-column-gap-default\">\n\t\t\t\t\t<div class=\"elementor-column elementor-col-100 elementor-top-column elementor-element elementor-element-4157837\" data-id=\"4157837\" data-element_type=\"column\" data-e-type=\"column\">\n\t\t\t<div class=\"elementor-widget-wrap elementor-element-populated\">\n\t\t\t\t\t\t<div class=\"elementor-element elementor-element-ec8eb92 elementor-icon-list--layout-traditional elementor-list-item-link-full_width elementor-widget elementor-widget-icon-list\" data-id=\"ec8eb92\" data-element_type=\"widget\" data-e-type=\"widget\" data-widget_type=\"icon-list.default\">\n\t\t\t\t<div class=\"elementor-widget-container\">\n\t\t\t\t\t\t\t<ul class=\"elementor-icon-list-items\">\n\t\t\t\t\t\t\t<li class=\"elementor-icon-list-item\">\n\t\t\t\t\t\t\t\t\t\t\t<a href=\"https:\/\/www.feg-sulgen.ch\/index.php\/jugend-2\/\">\n\n\t\t\t\t\t\t\t\t\t\t\t\t<span class=\"elementor-icon-list-icon\">\n\t\t\t\t\t\t\t<i aria-hidden=\"true\" class=\"fas fa-angle-left\"><\/i>\t\t\t\t\t\t<\/span>\n\t\t\t\t\t\t\t\t\t\t<span class=\"elementor-icon-list-text\">Zur\u00fcck zur Jugend<\/span>\n\t\t\t\t\t\t\t\t\t\t\t<\/a>\n\t\t\t\t\t\t\t\t\t<\/li>\n\t\t\t\t\t\t<\/ul>\n\t\t\t\t\t\t<\/div>\n\t\t\t\t<\/div>\n\t\t\t\t\t<\/div>\n\t\t<\/div>\n\t\t\t\t\t<\/div>\n\t\t<\/section>\n\t\t\t\t<section class=\"elementor-section elementor-top-section elementor-element elementor-element-a27b58f elementor-section-boxed elementor-section-height-default elementor-section-height-default\" data-id=\"a27b58f\" data-element_type=\"section\" data-e-type=\"section\">\n\t\t\t\t\t\t<div class=\"elementor-container elementor-column-gap-default\">\n\t\t\t\t\t<div class=\"elementor-column elementor-col-100 elementor-top-column elementor-element elementor-element-73e75d8\" data-id=\"73e75d8\" data-element_type=\"column\" data-e-type=\"column\">\n\t\t\t<div class=\"elementor-widget-wrap elementor-element-populated\">\n\t\t\t\t\t\t<div class=\"elementor-element elementor-element-7c95413 elementor-widget elementor-widget-image\" data-id=\"7c95413\" data-element_type=\"widget\" data-e-type=\"widget\" data-widget_type=\"image.default\">\n\t\t\t\t<div class=\"elementor-widget-container\">\n\t\t\t\t\t\t\t\t\t\t\t\t\t\t\t<img fetchpriority=\"high\" decoding=\"async\" width=\"1024\" height=\"455\" src=\"https:\/\/www.feg-sulgen.ch\/wp-content\/uploads\/2023\/02\/roundabout-since2000-schwarz-1024x455.png\" class=\"attachment-large size-large wp-image-11557\" alt=\"\" srcset=\"https:\/\/www.feg-sulgen.ch\/wp-content\/uploads\/2023\/02\/roundabout-since2000-schwarz-1024x455.png 1024w, https:\/\/www.feg-sulgen.ch\/wp-content\/uploads\/2023\/02\/roundabout-since2000-schwarz-300x133.png 300w, https:\/\/www.feg-sulgen.ch\/wp-content\/uploads\/2023\/02\/roundabout-since2000-schwarz-768x341.png 768w, https:\/\/www.feg-sulgen.ch\/wp-content\/uploads\/2023\/02\/roundabout-since2000-schwarz-1536x682.png 1536w, https:\/\/www.feg-sulgen.ch\/wp-content\/uploads\/2023\/02\/roundabout-since2000-schwarz.png 1860w\" sizes=\"(max-width: 1024px) 100vw, 1024px\" \/>\t\t\t\t\t\t\t\t\t\t\t\t\t\t\t<\/div>\n\t\t\t\t<\/div>\n\t\t\t\t\t<\/div>\n\t\t<\/div>\n\t\t\t\t\t<\/div>\n\t\t<\/section>\n\t\t\t\t<section class=\"elementor-section elementor-top-section elementor-element elementor-element-696ce2f elementor-section-boxed elementor-section-height-default elementor-section-height-default\" data-id=\"696ce2f\" data-element_type=\"section\" data-e-type=\"section\">\n\t\t\t\t\t\t<div class=\"elementor-container elementor-column-gap-default\">\n\t\t\t\t\t<div class=\"elementor-column elementor-col-100 elementor-top-column elementor-element elementor-element-b83fec7\" data-id=\"b83fec7\" data-element_type=\"column\" data-e-type=\"column\">\n\t\t\t<div class=\"elementor-widget-wrap elementor-element-populated\">\n\t\t\t\t\t\t<div class=\"elementor-element elementor-element-8b3d36b elementor-widget elementor-widget-text-editor\" data-id=\"8b3d36b\" data-element_type=\"widget\" data-e-type=\"widget\" data-widget_type=\"text-editor.default\">\n\t\t\t\t<div class=\"elementor-widget-container\">\n\t\t\t\t\t\t\t\t\t<p>Unter dem Namen\u00a0<strong>roundabout<\/strong> (Verkehrskreisel) besteht seit anfangs 2001 ein schweizerisches M\u00e4dchentanzangebot. Mittels Streetdance k\u00f6nnen die M\u00e4dchen mehr Selbstbewusstsein entwickeln und ihr K\u00f6rpergef\u00fchl verbessern. Uns ist es wichtig, dass neben dem Tanzen auch Gemeinschaft mit gleichaltrigen M\u00e4dchen gepflegt werden kann.<\/p><p><strong>roundabout<\/strong>\u00a0ist ein Arbeitszweig des Blauen Kreuzes, Pr\u00e4vention und Gesundheitsf\u00f6rderung.\u00a0<strong>roundabout Sulgen<\/strong>\u00a0ist eine von vielen Regionalgruppen. Solche Gruppen bestehen bereits in mehr als 90 Ortschaften der Deutschschweiz.<\/p><p>Zus\u00e4tzliche Informationen zu roundabout findet ihr im Internet unter\u00a0<a title=\"www.roundabout-network.org\" href=\"http:\/\/www.roundabout-network.org\" target=\"_blank\" rel=\"noopener\">www.roundabout-network.org<\/a><\/p>\t\t\t\t\t\t\t\t<\/div>\n\t\t\t\t<\/div>\n\t\t\t\t<div class=\"elementor-element elementor-element-1200b8d elementor-widget-divider--view-line elementor-widget elementor-widget-divider\" data-id=\"1200b8d\" data-element_type=\"widget\" data-e-type=\"widget\" data-widget_type=\"divider.default\">\n\t\t\t\t<div class=\"elementor-widget-container\">\n\t\t\t\t\t\t\t<div class=\"elementor-divider\">\n\t\t\t<span class=\"elementor-divider-separator\">\n\t\t\t\t\t\t<\/span>\n\t\t<\/div>\n\t\t\t\t\t\t<\/div>\n\t\t\t\t<\/div>\n\t\t\t\t\t<\/div>\n\t\t<\/div>\n\t\t\t\t\t<\/div>\n\t\t<\/section>\n\t\t\t\t<section class=\"elementor-section elementor-top-section elementor-element elementor-element-207c1b7 elementor-section-boxed elementor-section-height-default elementor-section-height-default\" data-id=\"207c1b7\" data-element_type=\"section\" data-e-type=\"section\">\n\t\t\t\t\t\t<div class=\"elementor-container elementor-column-gap-default\">\n\t\t\t\t\t<div class=\"elementor-column elementor-col-100 elementor-top-column elementor-element elementor-element-56e171b\" data-id=\"56e171b\" data-element_type=\"column\" data-e-type=\"column\">\n\t\t\t<div class=\"elementor-widget-wrap elementor-element-populated\">\n\t\t\t\t\t\t<section class=\"elementor-section elementor-inner-section elementor-element elementor-element-90c7cf9 elementor-section-boxed elementor-section-height-default elementor-section-height-default\" data-id=\"90c7cf9\" data-element_type=\"section\" data-e-type=\"section\">\n\t\t\t\t\t\t<div class=\"elementor-container elementor-column-gap-default\">\n\t\t\t\t\t<div class=\"elementor-column elementor-col-50 elementor-inner-column elementor-element elementor-element-78ebe5c\" data-id=\"78ebe5c\" data-element_type=\"column\" data-e-type=\"column\">\n\t\t\t<div class=\"elementor-widget-wrap elementor-element-populated\">\n\t\t\t\t\t\t<div class=\"elementor-element elementor-element-8a05570 elementor-widget elementor-widget-text-editor\" data-id=\"8a05570\" data-element_type=\"widget\" data-e-type=\"widget\" data-widget_type=\"text-editor.default\">\n\t\t\t\t<div class=\"elementor-widget-container\">\n\t\t\t\t\t\t\t\t\t<h2>roundabout kids Sulgen<\/h2>\t\t\t\t\t\t\t\t<\/div>\n\t\t\t\t<\/div>\n\t\t\t\t\t<\/div>\n\t\t<\/div>\n\t\t\t\t<div class=\"elementor-column elementor-col-50 elementor-inner-column elementor-element elementor-element-d98e643\" data-id=\"d98e643\" data-element_type=\"column\" data-e-type=\"column\">\n\t\t\t<div class=\"elementor-widget-wrap elementor-element-populated\">\n\t\t\t\t\t\t<div class=\"elementor-element elementor-element-4b89289 elementor-widget elementor-widget-text-editor\" data-id=\"4b89289\" data-element_type=\"widget\" data-e-type=\"widget\" data-widget_type=\"text-editor.default\">\n\t\t\t\t<div class=\"elementor-widget-container\">\n\t\t\t\t\t\t\t\t\t<h2>roundabout youth Sulgen<\/h2>\t\t\t\t\t\t\t\t<\/div>\n\t\t\t\t<\/div>\n\t\t\t\t\t<\/div>\n\t\t<\/div>\n\t\t\t\t\t<\/div>\n\t\t<\/section>\n\t\t\t\t<section class=\"elementor-section elementor-inner-section elementor-element elementor-element-a7e76b5 elementor-section-boxed elementor-section-height-default elementor-section-height-default\" data-id=\"a7e76b5\" data-element_type=\"section\" data-e-type=\"section\">\n\t\t\t\t\t\t<div class=\"elementor-container elementor-column-gap-default\">\n\t\t\t\t\t<div class=\"elementor-column elementor-col-25 elementor-inner-column elementor-element elementor-element-b4b54ed\" data-id=\"b4b54ed\" data-element_type=\"column\" data-e-type=\"column\">\n\t\t\t<div class=\"elementor-widget-wrap elementor-element-populated\">\n\t\t\t\t\t\t<div class=\"elementor-element elementor-element-e0be393 elementor-widget elementor-widget-text-editor\" data-id=\"e0be393\" data-element_type=\"widget\" data-e-type=\"widget\" data-widget_type=\"text-editor.default\">\n\t\t\t\t<div class=\"elementor-widget-container\">\n\t\t\t\t\t\t\t\t\t<p>F\u00fcr:<\/p><p>Wann:<\/p><p><br \/>Zeit:<\/p><p><br \/><br \/>Wo:<\/p><p>Kosten:<\/p><p><br \/>Mitbringen:<\/p><p>Leitung:<br \/>Kontakt:<\/p>\t\t\t\t\t\t\t\t<\/div>\n\t\t\t\t<\/div>\n\t\t\t\t\t<\/div>\n\t\t<\/div>\n\t\t\t\t<div class=\"elementor-column elementor-col-25 elementor-inner-column elementor-element elementor-element-fd0deaa\" data-id=\"fd0deaa\" data-element_type=\"column\" data-e-type=\"column\">\n\t\t\t<div class=\"elementor-widget-wrap elementor-element-populated\">\n\t\t\t\t\t\t<div class=\"elementor-element elementor-element-11a4e20 elementor-widget elementor-widget-text-editor\" data-id=\"11a4e20\" data-element_type=\"widget\" data-e-type=\"widget\" data-widget_type=\"text-editor.default\">\n\t\t\t\t<div class=\"elementor-widget-container\">\n\t\t\t\t\t\t\t\t\t<p>M\u00e4dels zwischen 8 und 11 Jahren<\/p><p>jeweils am Mittwoch<br \/><em>(ausgenommen Schulferien)<br \/><\/em><\/p><p>18.00 \u2013 19.15 Uhr<br \/>55 Min. Training \/ 20 Min. gem\u00fctlicher Teil<br \/><br \/><\/p><p>Kindergarten FEG Sulgen, Kapellenstr. 3<\/p><p>CHF 50.00 pro Semester<br \/><span style=\"color: var( --e-global-color-text ); font-family: var( --e-global-typography-text-font-family ), Sans-serif; font-weight: var( --e-global-typography-text-font-weight );\">(einmal Schnuppern gratis)<\/span><\/p><div>\u00a0Turnschuhe, Tanzkleider, Trinkflasche<\/div><div>\u00a0<\/div><div><p>Manuela Burri<br \/><a href=\"mailto:sulgenkids@roundabout-network.org\" target=\"_blank\" rel=\"noopener\">sulgenkids@roundabout-network.org<\/a><\/p><\/div>\t\t\t\t\t\t\t\t<\/div>\n\t\t\t\t<\/div>\n\t\t\t\t\t<\/div>\n\t\t<\/div>\n\t\t\t\t<div class=\"elementor-column elementor-col-25 elementor-inner-column elementor-element elementor-element-a6abd8d\" data-id=\"a6abd8d\" data-element_type=\"column\" data-e-type=\"column\">\n\t\t\t<div class=\"elementor-widget-wrap elementor-element-populated\">\n\t\t\t\t\t\t<div class=\"elementor-element elementor-element-05153f1 elementor-widget elementor-widget-text-editor\" data-id=\"05153f1\" data-element_type=\"widget\" data-e-type=\"widget\" data-widget_type=\"text-editor.default\">\n\t\t\t\t<div class=\"elementor-widget-container\">\n\t\t\t\t\t\t\t\t\t<p>F\u00fcr:<\/p><p>Wann:<\/p><p><br \/>Zeit:<\/p><p><br \/>Wo:<\/p><p>Kosten:<\/p><p><br \/>Mitbringen:<\/p><p>Leitung:<br \/>Kontakt:<\/p>\t\t\t\t\t\t\t\t<\/div>\n\t\t\t\t<\/div>\n\t\t\t\t\t<\/div>\n\t\t<\/div>\n\t\t\t\t<div class=\"elementor-column elementor-col-25 elementor-inner-column elementor-element elementor-element-b551d96\" data-id=\"b551d96\" data-element_type=\"column\" data-e-type=\"column\">\n\t\t\t<div class=\"elementor-widget-wrap elementor-element-populated\">\n\t\t\t\t\t\t<div class=\"elementor-element elementor-element-8253781 elementor-widget elementor-widget-text-editor\" data-id=\"8253781\" data-element_type=\"widget\" data-e-type=\"widget\" data-widget_type=\"text-editor.default\">\n\t\t\t\t<div class=\"elementor-widget-container\">\n\t\t\t\t\t\t\t\t\t<p>Junge Frauen zwischen 12 und 20 Jahren<\/p><p>jeweils am Montag<br \/>(ausgenommen Schulferien)<\/p><p>19.00 \u2013 20.30 Uhr <br \/>1h Training \/ 30 Min. gem\u00fctlicher Teil<\/p><p>Kindergarten FEG Sulgen, Kapellenstr. 3<\/p><p>CHF 50.00 pro Semester<br \/>(einmal Schnuppern gratis)<\/p><p>Turnschuhe, Tanzkleider, Trinkflasche<\/p><p>Chiara Garc\u00eda<br \/>078 829 59 88<br \/><a href=\"mailto:sulgenyouth@roundabout-network.org\" target=\"_blank\" rel=\"noopener\">sulgenyouth@roundabout-network.org<\/a><\/p>\t\t\t\t\t\t\t\t<\/div>\n\t\t\t\t<\/div>\n\t\t\t\t\t<\/div>\n\t\t<\/div>\n\t\t\t\t\t<\/div>\n\t\t<\/section>\n\t\t\t\t\t<\/div>\n\t\t<\/div>\n\t\t\t\t\t<\/div>\n\t\t<\/section>\n\t\t\t\t<\/div>\n\t\t","protected":false},"excerpt":{"rendered":"<p>Zur\u00fcck zur Jugend Unter dem Namen\u00a0roundabout (Verkehrskreisel) besteht seit anfangs 2001 ein schweizerisches M\u00e4dchentanzangebot. Mittels Streetdance k\u00f6nnen die M\u00e4dchen mehr Selbstbewusstsein entwickeln und ihr K\u00f6rpergef\u00fchl verbessern. Uns ist es wichtig, dass neben dem Tanzen auch Gemeinschaft mit gleichaltrigen M\u00e4dchen gepflegt werden kann. roundabout\u00a0ist ein Arbeitszweig des Blauen Kreuzes, Pr\u00e4vention und Gesundheitsf\u00f6rderung.\u00a0roundabout Sulgen\u00a0ist eine von vielen &#8230; <a title=\"roundabout\" class=\"read-more\" href=\"https:\/\/www.feg-sulgen.ch\/index.php\/roundabout\/\" aria-label=\"Mehr Informationen \u00fcber roundabout\">Weiterlesen<\/a><\/p>\n","protected":false},"author":1,"featured_media":0,"parent":0,"menu_order":0,"comment_status":"closed","ping_status":"closed","template":"","meta":{"footnotes":""},"class_list":["post-816","page","type-page","status-publish"],"yoast_head":"<!-- This site is optimized with the Yoast SEO plugin v27.4 - https:\/\/yoast.com\/product\/yoast-seo-wordpress\/ -->\n<title>roundabout - FEG Sulgen<\/title>\n<meta name=\"robots\" content=\"index, follow, max-snippet:-1, max-image-preview:large, max-video-preview:-1\" \/>\n<link rel=\"canonical\" href=\"https:\/\/www.feg-sulgen.ch\/index.php\/roundabout\/\" \/>\n<meta property=\"og:locale\" content=\"de_DE\" \/>\n<meta property=\"og:type\" content=\"article\" \/>\n<meta property=\"og:title\" content=\"roundabout - FEG Sulgen\" \/>\n<meta property=\"og:description\" content=\"Zur\u00fcck zur Jugend Unter dem Namen\u00a0roundabout (Verkehrskreisel) besteht seit anfangs 2001 ein schweizerisches M\u00e4dchentanzangebot. Mittels Streetdance k\u00f6nnen die M\u00e4dchen mehr Selbstbewusstsein entwickeln und ihr K\u00f6rpergef\u00fchl verbessern. Uns ist es wichtig, dass neben dem Tanzen auch Gemeinschaft mit gleichaltrigen M\u00e4dchen gepflegt werden kann. roundabout\u00a0ist ein Arbeitszweig des Blauen Kreuzes, Pr\u00e4vention und Gesundheitsf\u00f6rderung.\u00a0roundabout Sulgen\u00a0ist eine von vielen ... Weiterlesen\" \/>\n<meta property=\"og:url\" content=\"https:\/\/www.feg-sulgen.ch\/index.php\/roundabout\/\" \/>\n<meta property=\"og:site_name\" content=\"FEG Sulgen\" \/>\n<meta property=\"article:modified_time\" content=\"2026-03-26T12:43:05+00:00\" \/>\n<meta property=\"og:image\" content=\"https:\/\/www.feg-sulgen.ch\/wp-content\/uploads\/2023\/02\/roundabout-since2000-schwarz.png\" \/>\n\t<meta property=\"og:image:width\" content=\"1860\" \/>\n\t<meta property=\"og:image:height\" content=\"826\" \/>\n\t<meta property=\"og:image:type\" content=\"image\/png\" \/>\n<meta name=\"twitter:card\" content=\"summary_large_image\" \/>\n<meta name=\"twitter:label1\" content=\"Gesch\u00e4tzte Lesezeit\" \/>\n\t<meta name=\"twitter:data1\" content=\"2\u00a0Minuten\" \/>\n<script type=\"application\/ld+json\" class=\"yoast-schema-graph\">{\"@context\":\"https:\\\/\\\/schema.org\",\"@graph\":[{\"@type\":\"WebPage\",\"@id\":\"https:\\\/\\\/www.feg-sulgen.ch\\\/index.php\\\/roundabout\\\/\",\"url\":\"https:\\\/\\\/www.feg-sulgen.ch\\\/index.php\\\/roundabout\\\/\",\"name\":\"roundabout - FEG Sulgen\",\"isPartOf\":{\"@id\":\"https:\\\/\\\/www.feg-sulgen.ch\\\/#website\"},\"primaryImageOfPage\":{\"@id\":\"https:\\\/\\\/www.feg-sulgen.ch\\\/index.php\\\/roundabout\\\/#primaryimage\"},\"image\":{\"@id\":\"https:\\\/\\\/www.feg-sulgen.ch\\\/index.php\\\/roundabout\\\/#primaryimage\"},\"thumbnailUrl\":\"https:\\\/\\\/www.feg-sulgen.ch\\\/wp-content\\\/uploads\\\/2023\\\/02\\\/roundabout-since2000-schwarz-1024x455.png\",\"datePublished\":\"2020-07-17T05:47:42+00:00\",\"dateModified\":\"2026-03-26T12:43:05+00:00\",\"breadcrumb\":{\"@id\":\"https:\\\/\\\/www.feg-sulgen.ch\\\/index.php\\\/roundabout\\\/#breadcrumb\"},\"inLanguage\":\"de\",\"potentialAction\":[{\"@type\":\"ReadAction\",\"target\":[\"https:\\\/\\\/www.feg-sulgen.ch\\\/index.php\\\/roundabout\\\/\"]}]},{\"@type\":\"ImageObject\",\"inLanguage\":\"de\",\"@id\":\"https:\\\/\\\/www.feg-sulgen.ch\\\/index.php\\\/roundabout\\\/#primaryimage\",\"url\":\"https:\\\/\\\/www.feg-sulgen.ch\\\/wp-content\\\/uploads\\\/2023\\\/02\\\/roundabout-since2000-schwarz.png\",\"contentUrl\":\"https:\\\/\\\/www.feg-sulgen.ch\\\/wp-content\\\/uploads\\\/2023\\\/02\\\/roundabout-since2000-schwarz.png\",\"width\":1860,\"height\":826},{\"@type\":\"BreadcrumbList\",\"@id\":\"https:\\\/\\\/www.feg-sulgen.ch\\\/index.php\\\/roundabout\\\/#breadcrumb\",\"itemListElement\":[{\"@type\":\"ListItem\",\"position\":1,\"name\":\"Home\",\"item\":\"https:\\\/\\\/www.feg-sulgen.ch\\\/\"},{\"@type\":\"ListItem\",\"position\":2,\"name\":\"roundabout\"}]},{\"@type\":\"WebSite\",\"@id\":\"https:\\\/\\\/www.feg-sulgen.ch\\\/#website\",\"url\":\"https:\\\/\\\/www.feg-sulgen.ch\\\/\",\"name\":\"FEG Sulgen\",\"description\":\"Als Einheit in Bewegung!\",\"publisher\":{\"@id\":\"https:\\\/\\\/www.feg-sulgen.ch\\\/#organization\"},\"potentialAction\":[{\"@type\":\"SearchAction\",\"target\":{\"@type\":\"EntryPoint\",\"urlTemplate\":\"https:\\\/\\\/www.feg-sulgen.ch\\\/?s={search_term_string}\"},\"query-input\":{\"@type\":\"PropertyValueSpecification\",\"valueRequired\":true,\"valueName\":\"search_term_string\"}}],\"inLanguage\":\"de\"},{\"@type\":\"Organization\",\"@id\":\"https:\\\/\\\/www.feg-sulgen.ch\\\/#organization\",\"name\":\"FEG Sulgen\",\"url\":\"https:\\\/\\\/www.feg-sulgen.ch\\\/\",\"logo\":{\"@type\":\"ImageObject\",\"inLanguage\":\"de\",\"@id\":\"https:\\\/\\\/www.feg-sulgen.ch\\\/#\\\/schema\\\/logo\\\/image\\\/\",\"url\":\"https:\\\/\\\/www.feg-sulgen.ch\\\/wp-content\\\/uploads\\\/2020\\\/05\\\/cropped-FEG-Sulgen-3.jpg\",\"contentUrl\":\"https:\\\/\\\/www.feg-sulgen.ch\\\/wp-content\\\/uploads\\\/2020\\\/05\\\/cropped-FEG-Sulgen-3.jpg\",\"width\":658,\"height\":257,\"caption\":\"FEG Sulgen\"},\"image\":{\"@id\":\"https:\\\/\\\/www.feg-sulgen.ch\\\/#\\\/schema\\\/logo\\\/image\\\/\"}}]}<\/script>\n<!-- \/ Yoast SEO plugin. -->","yoast_head_json":{"title":"roundabout - FEG Sulgen","robots":{"index":"index","follow":"follow","max-snippet":"max-snippet:-1","max-image-preview":"max-image-preview:large","max-video-preview":"max-video-preview:-1"},"canonical":"https:\/\/www.feg-sulgen.ch\/index.php\/roundabout\/","og_locale":"de_DE","og_type":"article","og_title":"roundabout - FEG Sulgen","og_description":"Zur\u00fcck zur Jugend Unter dem Namen\u00a0roundabout (Verkehrskreisel) besteht seit anfangs 2001 ein schweizerisches M\u00e4dchentanzangebot. Mittels Streetdance k\u00f6nnen die M\u00e4dchen mehr Selbstbewusstsein entwickeln und ihr K\u00f6rpergef\u00fchl verbessern. Uns ist es wichtig, dass neben dem Tanzen auch Gemeinschaft mit gleichaltrigen M\u00e4dchen gepflegt werden kann. roundabout\u00a0ist ein Arbeitszweig des Blauen Kreuzes, Pr\u00e4vention und Gesundheitsf\u00f6rderung.\u00a0roundabout Sulgen\u00a0ist eine von vielen ... Weiterlesen","og_url":"https:\/\/www.feg-sulgen.ch\/index.php\/roundabout\/","og_site_name":"FEG Sulgen","article_modified_time":"2026-03-26T12:43:05+00:00","og_image":[{"width":1860,"height":826,"url":"https:\/\/www.feg-sulgen.ch\/wp-content\/uploads\/2023\/02\/roundabout-since2000-schwarz.png","type":"image\/png"}],"twitter_card":"summary_large_image","twitter_misc":{"Gesch\u00e4tzte Lesezeit":"2\u00a0Minuten"},"schema":{"@context":"https:\/\/schema.org","@graph":[{"@type":"WebPage","@id":"https:\/\/www.feg-sulgen.ch\/index.php\/roundabout\/","url":"https:\/\/www.feg-sulgen.ch\/index.php\/roundabout\/","name":"roundabout - FEG Sulgen","isPartOf":{"@id":"https:\/\/www.feg-sulgen.ch\/#website"},"primaryImageOfPage":{"@id":"https:\/\/www.feg-sulgen.ch\/index.php\/roundabout\/#primaryimage"},"image":{"@id":"https:\/\/www.feg-sulgen.ch\/index.php\/roundabout\/#primaryimage"},"thumbnailUrl":"https:\/\/www.feg-sulgen.ch\/wp-content\/uploads\/2023\/02\/roundabout-since2000-schwarz-1024x455.png","datePublished":"2020-07-17T05:47:42+00:00","dateModified":"2026-03-26T12:43:05+00:00","breadcrumb":{"@id":"https:\/\/www.feg-sulgen.ch\/index.php\/roundabout\/#breadcrumb"},"inLanguage":"de","potentialAction":[{"@type":"ReadAction","target":["https:\/\/www.feg-sulgen.ch\/index.php\/roundabout\/"]}]},{"@type":"ImageObject","inLanguage":"de","@id":"https:\/\/www.feg-sulgen.ch\/index.php\/roundabout\/#primaryimage","url":"https:\/\/www.feg-sulgen.ch\/wp-content\/uploads\/2023\/02\/roundabout-since2000-schwarz.png","contentUrl":"https:\/\/www.feg-sulgen.ch\/wp-content\/uploads\/2023\/02\/roundabout-since2000-schwarz.png","width":1860,"height":826},{"@type":"BreadcrumbList","@id":"https:\/\/www.feg-sulgen.ch\/index.php\/roundabout\/#breadcrumb","itemListElement":[{"@type":"ListItem","position":1,"name":"Home","item":"https:\/\/www.feg-sulgen.ch\/"},{"@type":"ListItem","position":2,"name":"roundabout"}]},{"@type":"WebSite","@id":"https:\/\/www.feg-sulgen.ch\/#website","url":"https:\/\/www.feg-sulgen.ch\/","name":"FEG Sulgen","description":"Als Einheit in Bewegung!","publisher":{"@id":"https:\/\/www.feg-sulgen.ch\/#organization"},"potentialAction":[{"@type":"SearchAction","target":{"@type":"EntryPoint","urlTemplate":"https:\/\/www.feg-sulgen.ch\/?s={search_term_string}"},"query-input":{"@type":"PropertyValueSpecification","valueRequired":true,"valueName":"search_term_string"}}],"inLanguage":"de"},{"@type":"Organization","@id":"https:\/\/www.feg-sulgen.ch\/#organization","name":"FEG Sulgen","url":"https:\/\/www.feg-sulgen.ch\/","logo":{"@type":"ImageObject","inLanguage":"de","@id":"https:\/\/www.feg-sulgen.ch\/#\/schema\/logo\/image\/","url":"https:\/\/www.feg-sulgen.ch\/wp-content\/uploads\/2020\/05\/cropped-FEG-Sulgen-3.jpg","contentUrl":"https:\/\/www.feg-sulgen.ch\/wp-content\/uploads\/2020\/05\/cropped-FEG-Sulgen-3.jpg","width":658,"height":257,"caption":"FEG Sulgen"},"image":{"@id":"https:\/\/www.feg-sulgen.ch\/#\/schema\/logo\/image\/"}}]}},"_links":{"self":[{"href":"https:\/\/www.feg-sulgen.ch\/index.php\/wp-json\/wp\/v2\/pages\/816","targetHints":{"allow":["GET"]}}],"collection":[{"href":"https:\/\/www.feg-sulgen.ch\/index.php\/wp-json\/wp\/v2\/pages"}],"about":[{"href":"https:\/\/www.feg-sulgen.ch\/index.php\/wp-json\/wp\/v2\/types\/page"}],"author":[{"embeddable":true,"href":"https:\/\/www.feg-sulgen.ch\/index.php\/wp-json\/wp\/v2\/users\/1"}],"replies":[{"embeddable":true,"href":"https:\/\/www.feg-sulgen.ch\/index.php\/wp-json\/wp\/v2\/comments?post=816"}],"version-history":[{"count":21,"href":"https:\/\/www.feg-sulgen.ch\/index.php\/wp-json\/wp\/v2\/pages\/816\/revisions"}],"predecessor-version":[{"id":17120,"href":"https:\/\/www.feg-sulgen.ch\/index.php\/wp-json\/wp\/v2\/pages\/816\/revisions\/17120"}],"wp:attachment":[{"href":"https:\/\/www.feg-sulgen.ch\/index.php\/wp-json\/wp\/v2\/media?parent=816"}],"curies":[{"name":"wp","href":"https:\/\/api.w.org\/{rel}","templated":true}]}}