{"id":869,"date":"2020-07-17T06:49:20","date_gmt":"2020-07-17T06:49:20","guid":{"rendered":"https:\/\/new.legacysulgen.ch\/?page_id=869"},"modified":"2026-02-26T07:41:11","modified_gmt":"2026-02-26T07:41:11","slug":"maenner","status":"publish","type":"page","link":"https:\/\/www.feg-sulgen.ch\/index.php\/maenner\/","title":{"rendered":"M\u00e4nner"},"content":{"rendered":"\t\t<div data-elementor-type=\"wp-page\" data-elementor-id=\"869\" class=\"elementor elementor-869\" data-elementor-post-type=\"page\">\n\t\t\t\t\t\t<section class=\"elementor-section elementor-top-section elementor-element elementor-element-3e678c8 elementor-section-boxed elementor-section-height-default elementor-section-height-default\" data-id=\"3e678c8\" data-element_type=\"section\" data-e-type=\"section\">\n\t\t\t\t\t\t<div class=\"elementor-container elementor-column-gap-default\">\n\t\t\t\t\t<div class=\"elementor-column elementor-col-33 elementor-top-column elementor-element elementor-element-b1e477b\" data-id=\"b1e477b\" data-element_type=\"column\" data-e-type=\"column\">\n\t\t\t<div class=\"elementor-widget-wrap elementor-element-populated\">\n\t\t\t\t\t\t<div class=\"elementor-element elementor-element-d9b1e5a elementor-widget elementor-widget-image\" data-id=\"d9b1e5a\" data-element_type=\"widget\" data-e-type=\"widget\" data-widget_type=\"image.default\">\n\t\t\t\t<div class=\"elementor-widget-container\">\n\t\t\t\t\t\t\t\t\t\t\t\t\t\t\t<img fetchpriority=\"high\" decoding=\"async\" width=\"1024\" height=\"870\" src=\"https:\/\/www.feg-sulgen.ch\/wp-content\/uploads\/2020\/07\/M\u00e4n-Station-Logo-1024x870.jpg\" class=\"attachment-large size-large wp-image-707\" alt=\"\" srcset=\"https:\/\/www.feg-sulgen.ch\/wp-content\/uploads\/2020\/07\/M\u00e4n-Station-Logo-1024x870.jpg 1024w, https:\/\/www.feg-sulgen.ch\/wp-content\/uploads\/2020\/07\/M\u00e4n-Station-Logo-300x255.jpg 300w, https:\/\/www.feg-sulgen.ch\/wp-content\/uploads\/2020\/07\/M\u00e4n-Station-Logo-768x653.jpg 768w, https:\/\/www.feg-sulgen.ch\/wp-content\/uploads\/2020\/07\/M\u00e4n-Station-Logo-1536x1305.jpg 1536w, https:\/\/www.feg-sulgen.ch\/wp-content\/uploads\/2020\/07\/M\u00e4n-Station-Logo-2048x1741.jpg 2048w\" sizes=\"(max-width: 1024px) 100vw, 1024px\" \/>\t\t\t\t\t\t\t\t\t\t\t\t\t\t\t<\/div>\n\t\t\t\t<\/div>\n\t\t\t\t\t<\/div>\n\t\t<\/div>\n\t\t\t\t<div class=\"elementor-column elementor-col-33 elementor-top-column elementor-element elementor-element-0045fe1\" data-id=\"0045fe1\" data-element_type=\"column\" data-e-type=\"column\">\n\t\t\t<div class=\"elementor-widget-wrap\">\n\t\t\t\t\t\t\t<\/div>\n\t\t<\/div>\n\t\t\t\t<div class=\"elementor-column elementor-col-33 elementor-top-column elementor-element elementor-element-fd89cfb\" data-id=\"fd89cfb\" data-element_type=\"column\" data-e-type=\"column\">\n\t\t\t<div class=\"elementor-widget-wrap elementor-element-populated\">\n\t\t\t\t\t\t<div class=\"elementor-element elementor-element-5b0dfb4 elementor-widget elementor-widget-text-editor\" data-id=\"5b0dfb4\" data-element_type=\"widget\" data-e-type=\"widget\" data-widget_type=\"text-editor.default\">\n\t\t\t\t<div class=\"elementor-widget-container\">\n\t\t\t\t\t\t\t\t\t<h2 style=\"text-align: center;\">M\u00c4NSTATION<\/h2>\t\t\t\t\t\t\t\t<\/div>\n\t\t\t\t<\/div>\n\t\t\t\t<div class=\"elementor-element elementor-element-786f4d9 elementor-widget elementor-widget-text-editor\" data-id=\"786f4d9\" data-element_type=\"widget\" data-e-type=\"widget\" data-widget_type=\"text-editor.default\">\n\t\t\t\t<div class=\"elementor-widget-container\">\n\t\t\t\t\t\t\t\t\t<p style=\"text-align: center;\">Stefan Schlegel<br \/><br \/><\/p>\t\t\t\t\t\t\t\t<\/div>\n\t\t\t\t<\/div>\n\t\t\t\t<div class=\"elementor-element elementor-element-75a5b7c elementor-view-default elementor-widget elementor-widget-icon\" data-id=\"75a5b7c\" data-element_type=\"widget\" data-e-type=\"widget\" data-widget_type=\"icon.default\">\n\t\t\t\t<div class=\"elementor-widget-container\">\n\t\t\t\t\t\t\t<div class=\"elementor-icon-wrapper\">\n\t\t\t<a class=\"elementor-icon\" href=\"mailto:stefschlegel@hotmail.com\">\n\t\t\t<i aria-hidden=\"true\" class=\"far fa-envelope\"><\/i>\t\t\t<\/a>\n\t\t<\/div>\n\t\t\t\t\t\t<\/div>\n\t\t\t\t<\/div>\n\t\t\t\t\t<\/div>\n\t\t<\/div>\n\t\t\t\t\t<\/div>\n\t\t<\/section>\n\t\t\t\t<section class=\"elementor-section elementor-top-section elementor-element elementor-element-696ce2f elementor-section-boxed elementor-section-height-default elementor-section-height-default\" data-id=\"696ce2f\" data-element_type=\"section\" data-e-type=\"section\">\n\t\t\t\t\t\t<div class=\"elementor-container elementor-column-gap-default\">\n\t\t\t\t\t<div class=\"elementor-column elementor-col-100 elementor-top-column elementor-element elementor-element-b83fec7\" data-id=\"b83fec7\" data-element_type=\"column\" data-e-type=\"column\">\n\t\t\t<div class=\"elementor-widget-wrap elementor-element-populated\">\n\t\t\t\t\t\t<div class=\"elementor-element elementor-element-8b3d36b elementor-widget elementor-widget-text-editor\" data-id=\"8b3d36b\" data-element_type=\"widget\" data-e-type=\"widget\" data-widget_type=\"text-editor.default\">\n\t\t\t\t<div class=\"elementor-widget-container\">\n\t\t\t\t\t\t\t\t\t<h2>M\u00c4Nstation<\/h2>\t\t\t\t\t\t\t\t<\/div>\n\t\t\t\t<\/div>\n\t\t\t\t\t<\/div>\n\t\t<\/div>\n\t\t\t\t\t<\/div>\n\t\t<\/section>\n\t\t\t\t<section class=\"elementor-section elementor-top-section elementor-element elementor-element-f542b30 elementor-section-boxed elementor-section-height-default elementor-section-height-default\" data-id=\"f542b30\" data-element_type=\"section\" data-e-type=\"section\">\n\t\t\t\t\t\t<div class=\"elementor-container elementor-column-gap-default\">\n\t\t\t\t\t<div class=\"elementor-column elementor-col-100 elementor-top-column elementor-element elementor-element-b66b7cc\" data-id=\"b66b7cc\" data-element_type=\"column\" data-e-type=\"column\">\n\t\t\t<div class=\"elementor-widget-wrap elementor-element-populated\">\n\t\t\t\t\t\t<div class=\"elementor-element elementor-element-b9683bf elementor-widget elementor-widget-text-editor\" data-id=\"b9683bf\" data-element_type=\"widget\" data-e-type=\"widget\" data-widget_type=\"text-editor.default\">\n\t\t\t\t<div class=\"elementor-widget-container\">\n\t\t\t\t\t\t\t\t\t<p>Ob gem\u00fctliches Zusammensein mit lockeren Gespr\u00e4chen, H\u00f6ren oder Teilen von Lebensberichten, eine Weindegustation oder andere TYPENgerechte Abende &#8211; das ist M\u00e4nstation. <br \/>F\u00fcr dich als Mann, ob jung oder \u00e4lter, Sohn oder Vater, alleine oder mit deinen Kollegen.<br \/>Besuche unsere Anl\u00e4sse und lass uns gute Gemeinschaft erleben!<\/p>\t\t\t\t\t\t\t\t<\/div>\n\t\t\t\t<\/div>\n\t\t\t\t<div class=\"elementor-element elementor-element-bf15d23 elementor-view-default elementor-widget elementor-widget-icon\" data-id=\"bf15d23\" data-element_type=\"widget\" data-e-type=\"widget\" data-widget_type=\"icon.default\">\n\t\t\t\t<div class=\"elementor-widget-container\">\n\t\t\t\t\t\t\t<div class=\"elementor-icon-wrapper\">\n\t\t\t<a class=\"elementor-icon\" href=\"https:\/\/www.facebook.com\/groups\/450841885628657\" target=\"_blank\">\n\t\t\t<i aria-hidden=\"true\" class=\"fab fa-facebook\"><\/i>\t\t\t<\/a>\n\t\t<\/div>\n\t\t\t\t\t\t<\/div>\n\t\t\t\t<\/div>\n\t\t\t\t\t<\/div>\n\t\t<\/div>\n\t\t\t\t\t<\/div>\n\t\t<\/section>\n\t\t\t\t<section class=\"elementor-section elementor-top-section elementor-element elementor-element-6ef5752 elementor-section-boxed elementor-section-height-default elementor-section-height-default\" data-id=\"6ef5752\" data-element_type=\"section\" data-e-type=\"section\">\n\t\t\t\t\t\t<div class=\"elementor-container elementor-column-gap-default\">\n\t\t\t\t\t<div class=\"elementor-column elementor-col-100 elementor-top-column elementor-element elementor-element-535f371\" data-id=\"535f371\" data-element_type=\"column\" data-e-type=\"column\">\n\t\t\t<div class=\"elementor-widget-wrap elementor-element-populated\">\n\t\t\t\t\t\t<div class=\"elementor-element elementor-element-aad99b2 elementor-widget-divider--view-line elementor-widget elementor-widget-divider\" data-id=\"aad99b2\" data-element_type=\"widget\" data-e-type=\"widget\" data-widget_type=\"divider.default\">\n\t\t\t\t<div class=\"elementor-widget-container\">\n\t\t\t\t\t\t\t<div class=\"elementor-divider\">\n\t\t\t<span class=\"elementor-divider-separator\">\n\t\t\t\t\t\t<\/span>\n\t\t<\/div>\n\t\t\t\t\t\t<\/div>\n\t\t\t\t<\/div>\n\t\t\t\t\t<\/div>\n\t\t<\/div>\n\t\t\t\t\t<\/div>\n\t\t<\/section>\n\t\t\t\t<section class=\"elementor-section elementor-top-section elementor-element elementor-element-e2cff01 elementor-section-boxed elementor-section-height-default elementor-section-height-default\" data-id=\"e2cff01\" data-element_type=\"section\" data-e-type=\"section\">\n\t\t\t\t\t\t<div class=\"elementor-container elementor-column-gap-default\">\n\t\t\t\t\t<div class=\"elementor-column elementor-col-100 elementor-top-column elementor-element elementor-element-51e84f3\" data-id=\"51e84f3\" data-element_type=\"column\" data-e-type=\"column\">\n\t\t\t<div class=\"elementor-widget-wrap elementor-element-populated\">\n\t\t\t\t\t\t<div class=\"elementor-element elementor-element-aa219a3 elementor-widget elementor-widget-text-editor\" data-id=\"aa219a3\" data-element_type=\"widget\" data-e-type=\"widget\" data-widget_type=\"text-editor.default\">\n\t\t\t\t<div class=\"elementor-widget-container\">\n\t\t\t\t\t\t\t\t\t<h2>wer kann dabei sein<\/h2>\t\t\t\t\t\t\t\t<\/div>\n\t\t\t\t<\/div>\n\t\t\t\t\t<\/div>\n\t\t<\/div>\n\t\t\t\t\t<\/div>\n\t\t<\/section>\n\t\t\t\t<section class=\"elementor-section elementor-top-section elementor-element elementor-element-d2c0ca6 elementor-section-boxed elementor-section-height-default elementor-section-height-default\" data-id=\"d2c0ca6\" data-element_type=\"section\" data-e-type=\"section\">\n\t\t\t\t\t\t<div class=\"elementor-container elementor-column-gap-default\">\n\t\t\t\t\t<div class=\"elementor-column elementor-col-100 elementor-top-column elementor-element elementor-element-c1de820\" data-id=\"c1de820\" data-element_type=\"column\" data-e-type=\"column\">\n\t\t\t<div class=\"elementor-widget-wrap elementor-element-populated\">\n\t\t\t\t\t\t<div class=\"elementor-element elementor-element-2a37aa7 elementor-widget elementor-widget-text-editor\" data-id=\"2a37aa7\" data-element_type=\"widget\" data-e-type=\"widget\" data-widget_type=\"text-editor.default\">\n\t\t\t\t<div class=\"elementor-widget-container\">\n\t\t\t\t\t\t\t\t\t<p>Alle M\u00e4nner.<\/p>\t\t\t\t\t\t\t\t<\/div>\n\t\t\t\t<\/div>\n\t\t\t\t<div class=\"elementor-element elementor-element-0f9db13 elementor-widget-divider--view-line elementor-widget elementor-widget-divider\" data-id=\"0f9db13\" data-element_type=\"widget\" data-e-type=\"widget\" data-widget_type=\"divider.default\">\n\t\t\t\t<div class=\"elementor-widget-container\">\n\t\t\t\t\t\t\t<div class=\"elementor-divider\">\n\t\t\t<span class=\"elementor-divider-separator\">\n\t\t\t\t\t\t<\/span>\n\t\t<\/div>\n\t\t\t\t\t\t<\/div>\n\t\t\t\t<\/div>\n\t\t\t\t\t<\/div>\n\t\t<\/div>\n\t\t\t\t\t<\/div>\n\t\t<\/section>\n\t\t\t\t<section class=\"elementor-section elementor-top-section elementor-element elementor-element-73df7b7 elementor-section-boxed elementor-section-height-default elementor-section-height-default\" data-id=\"73df7b7\" data-element_type=\"section\" data-e-type=\"section\">\n\t\t\t\t\t\t<div class=\"elementor-container elementor-column-gap-default\">\n\t\t\t\t\t<div class=\"elementor-column elementor-col-100 elementor-top-column elementor-element elementor-element-6bb01bb\" data-id=\"6bb01bb\" data-element_type=\"column\" data-e-type=\"column\">\n\t\t\t<div class=\"elementor-widget-wrap elementor-element-populated\">\n\t\t\t\t\t\t<div class=\"elementor-element elementor-element-3028025 elementor-widget elementor-widget-text-editor\" data-id=\"3028025\" data-element_type=\"widget\" data-e-type=\"widget\" data-widget_type=\"text-editor.default\">\n\t\t\t\t<div class=\"elementor-widget-container\">\n\t\t\t\t\t\t\t\t\t<h2>wir treffen uns&#8230;<\/h2>\t\t\t\t\t\t\t\t<\/div>\n\t\t\t\t<\/div>\n\t\t\t\t\t<\/div>\n\t\t<\/div>\n\t\t\t\t\t<\/div>\n\t\t<\/section>\n\t\t\t\t<section class=\"elementor-section elementor-top-section elementor-element elementor-element-99ee979 elementor-section-boxed elementor-section-height-default elementor-section-height-default\" data-id=\"99ee979\" data-element_type=\"section\" data-e-type=\"section\">\n\t\t\t\t\t\t<div class=\"elementor-container elementor-column-gap-default\">\n\t\t\t\t\t<div class=\"elementor-column elementor-col-100 elementor-top-column elementor-element elementor-element-5a0428b\" data-id=\"5a0428b\" data-element_type=\"column\" data-e-type=\"column\">\n\t\t\t<div class=\"elementor-widget-wrap elementor-element-populated\">\n\t\t\t\t\t\t<div class=\"elementor-element elementor-element-60dc974 elementor-widget elementor-widget-text-editor\" data-id=\"60dc974\" data-element_type=\"widget\" data-e-type=\"widget\" data-widget_type=\"text-editor.default\">\n\t\t\t\t<div class=\"elementor-widget-container\">\n\t\t\t\t\t\t\t\t\t<p>05.09. &#8211; Grillabend (FEG Sulgen)<\/p>\t\t\t\t\t\t\t\t<\/div>\n\t\t\t\t<\/div>\n\t\t\t\t<div class=\"elementor-element elementor-element-e99c79a elementor-widget-divider--view-line elementor-widget elementor-widget-divider\" data-id=\"e99c79a\" data-element_type=\"widget\" data-e-type=\"widget\" data-widget_type=\"divider.default\">\n\t\t\t\t<div class=\"elementor-widget-container\">\n\t\t\t\t\t\t\t<div class=\"elementor-divider\">\n\t\t\t<span class=\"elementor-divider-separator\">\n\t\t\t\t\t\t<\/span>\n\t\t<\/div>\n\t\t\t\t\t\t<\/div>\n\t\t\t\t<\/div>\n\t\t\t\t\t<\/div>\n\t\t<\/div>\n\t\t\t\t\t<\/div>\n\t\t<\/section>\n\t\t\t\t<\/div>\n\t\t","protected":false},"excerpt":{"rendered":"<p>M\u00c4NSTATION Stefan Schlegel M\u00c4Nstation Ob gem\u00fctliches Zusammensein mit lockeren Gespr\u00e4chen, H\u00f6ren oder Teilen von Lebensberichten, eine Weindegustation oder andere TYPENgerechte Abende &#8211; das ist M\u00e4nstation. F\u00fcr dich als Mann, ob jung oder \u00e4lter, Sohn oder Vater, alleine oder mit deinen Kollegen.Besuche unsere Anl\u00e4sse und lass uns gute Gemeinschaft erleben! wer kann dabei sein Alle M\u00e4nner. &#8230; <a title=\"M\u00e4nner\" class=\"read-more\" href=\"https:\/\/www.feg-sulgen.ch\/index.php\/maenner\/\" aria-label=\"Mehr Informationen \u00fcber M\u00e4nner\">Weiterlesen<\/a><\/p>\n","protected":false},"author":1,"featured_media":0,"parent":0,"menu_order":0,"comment_status":"closed","ping_status":"closed","template":"","meta":{"footnotes":""},"class_list":["post-869","page","type-page","status-publish"],"yoast_head":"<!-- This site is optimized with the Yoast SEO plugin v27.4 - https:\/\/yoast.com\/product\/yoast-seo-wordpress\/ -->\n<title>M\u00e4nner - FEG Sulgen<\/title>\n<meta name=\"robots\" content=\"index, follow, max-snippet:-1, max-image-preview:large, max-video-preview:-1\" \/>\n<link rel=\"canonical\" href=\"https:\/\/www.feg-sulgen.ch\/index.php\/maenner\/\" \/>\n<meta property=\"og:locale\" content=\"de_DE\" \/>\n<meta property=\"og:type\" content=\"article\" \/>\n<meta property=\"og:title\" content=\"M\u00e4nner - FEG Sulgen\" \/>\n<meta property=\"og:description\" content=\"M\u00c4NSTATION Stefan Schlegel M\u00c4Nstation Ob gem\u00fctliches Zusammensein mit lockeren Gespr\u00e4chen, H\u00f6ren oder Teilen von Lebensberichten, eine Weindegustation oder andere TYPENgerechte Abende &#8211; das ist M\u00e4nstation. F\u00fcr dich als Mann, ob jung oder \u00e4lter, Sohn oder Vater, alleine oder mit deinen Kollegen.Besuche unsere Anl\u00e4sse und lass uns gute Gemeinschaft erleben! wer kann dabei sein Alle M\u00e4nner. ... Weiterlesen\" \/>\n<meta property=\"og:url\" content=\"https:\/\/www.feg-sulgen.ch\/index.php\/maenner\/\" \/>\n<meta property=\"og:site_name\" content=\"FEG Sulgen\" \/>\n<meta property=\"article:modified_time\" content=\"2026-02-26T07:41:11+00:00\" \/>\n<meta name=\"twitter:card\" content=\"summary_large_image\" \/>\n<meta name=\"twitter:label1\" content=\"Gesch\u00e4tzte Lesezeit\" \/>\n\t<meta name=\"twitter:data1\" content=\"1\u00a0Minute\" \/>\n<script type=\"application\/ld+json\" class=\"yoast-schema-graph\">{\"@context\":\"https:\\\/\\\/schema.org\",\"@graph\":[{\"@type\":\"WebPage\",\"@id\":\"https:\\\/\\\/www.feg-sulgen.ch\\\/index.php\\\/maenner\\\/\",\"url\":\"https:\\\/\\\/www.feg-sulgen.ch\\\/index.php\\\/maenner\\\/\",\"name\":\"M\u00e4nner - FEG Sulgen\",\"isPartOf\":{\"@id\":\"https:\\\/\\\/www.feg-sulgen.ch\\\/#website\"},\"datePublished\":\"2020-07-17T06:49:20+00:00\",\"dateModified\":\"2026-02-26T07:41:11+00:00\",\"breadcrumb\":{\"@id\":\"https:\\\/\\\/www.feg-sulgen.ch\\\/index.php\\\/maenner\\\/#breadcrumb\"},\"inLanguage\":\"de\",\"potentialAction\":[{\"@type\":\"ReadAction\",\"target\":[\"https:\\\/\\\/www.feg-sulgen.ch\\\/index.php\\\/maenner\\\/\"]}]},{\"@type\":\"BreadcrumbList\",\"@id\":\"https:\\\/\\\/www.feg-sulgen.ch\\\/index.php\\\/maenner\\\/#breadcrumb\",\"itemListElement\":[{\"@type\":\"ListItem\",\"position\":1,\"name\":\"Home\",\"item\":\"https:\\\/\\\/www.feg-sulgen.ch\\\/\"},{\"@type\":\"ListItem\",\"position\":2,\"name\":\"M\u00e4nner\"}]},{\"@type\":\"WebSite\",\"@id\":\"https:\\\/\\\/www.feg-sulgen.ch\\\/#website\",\"url\":\"https:\\\/\\\/www.feg-sulgen.ch\\\/\",\"name\":\"FEG Sulgen\",\"description\":\"Als Einheit in Bewegung!\",\"publisher\":{\"@id\":\"https:\\\/\\\/www.feg-sulgen.ch\\\/#organization\"},\"potentialAction\":[{\"@type\":\"SearchAction\",\"target\":{\"@type\":\"EntryPoint\",\"urlTemplate\":\"https:\\\/\\\/www.feg-sulgen.ch\\\/?s={search_term_string}\"},\"query-input\":{\"@type\":\"PropertyValueSpecification\",\"valueRequired\":true,\"valueName\":\"search_term_string\"}}],\"inLanguage\":\"de\"},{\"@type\":\"Organization\",\"@id\":\"https:\\\/\\\/www.feg-sulgen.ch\\\/#organization\",\"name\":\"FEG Sulgen\",\"url\":\"https:\\\/\\\/www.feg-sulgen.ch\\\/\",\"logo\":{\"@type\":\"ImageObject\",\"inLanguage\":\"de\",\"@id\":\"https:\\\/\\\/www.feg-sulgen.ch\\\/#\\\/schema\\\/logo\\\/image\\\/\",\"url\":\"https:\\\/\\\/www.feg-sulgen.ch\\\/wp-content\\\/uploads\\\/2020\\\/05\\\/cropped-FEG-Sulgen-3.jpg\",\"contentUrl\":\"https:\\\/\\\/www.feg-sulgen.ch\\\/wp-content\\\/uploads\\\/2020\\\/05\\\/cropped-FEG-Sulgen-3.jpg\",\"width\":658,\"height\":257,\"caption\":\"FEG Sulgen\"},\"image\":{\"@id\":\"https:\\\/\\\/www.feg-sulgen.ch\\\/#\\\/schema\\\/logo\\\/image\\\/\"}}]}<\/script>\n<!-- \/ Yoast SEO plugin. -->","yoast_head_json":{"title":"M\u00e4nner - FEG Sulgen","robots":{"index":"index","follow":"follow","max-snippet":"max-snippet:-1","max-image-preview":"max-image-preview:large","max-video-preview":"max-video-preview:-1"},"canonical":"https:\/\/www.feg-sulgen.ch\/index.php\/maenner\/","og_locale":"de_DE","og_type":"article","og_title":"M\u00e4nner - FEG Sulgen","og_description":"M\u00c4NSTATION Stefan Schlegel M\u00c4Nstation Ob gem\u00fctliches Zusammensein mit lockeren Gespr\u00e4chen, H\u00f6ren oder Teilen von Lebensberichten, eine Weindegustation oder andere TYPENgerechte Abende &#8211; das ist M\u00e4nstation. F\u00fcr dich als Mann, ob jung oder \u00e4lter, Sohn oder Vater, alleine oder mit deinen Kollegen.Besuche unsere Anl\u00e4sse und lass uns gute Gemeinschaft erleben! wer kann dabei sein Alle M\u00e4nner. ... Weiterlesen","og_url":"https:\/\/www.feg-sulgen.ch\/index.php\/maenner\/","og_site_name":"FEG Sulgen","article_modified_time":"2026-02-26T07:41:11+00:00","twitter_card":"summary_large_image","twitter_misc":{"Gesch\u00e4tzte Lesezeit":"1\u00a0Minute"},"schema":{"@context":"https:\/\/schema.org","@graph":[{"@type":"WebPage","@id":"https:\/\/www.feg-sulgen.ch\/index.php\/maenner\/","url":"https:\/\/www.feg-sulgen.ch\/index.php\/maenner\/","name":"M\u00e4nner - FEG Sulgen","isPartOf":{"@id":"https:\/\/www.feg-sulgen.ch\/#website"},"datePublished":"2020-07-17T06:49:20+00:00","dateModified":"2026-02-26T07:41:11+00:00","breadcrumb":{"@id":"https:\/\/www.feg-sulgen.ch\/index.php\/maenner\/#breadcrumb"},"inLanguage":"de","potentialAction":[{"@type":"ReadAction","target":["https:\/\/www.feg-sulgen.ch\/index.php\/maenner\/"]}]},{"@type":"BreadcrumbList","@id":"https:\/\/www.feg-sulgen.ch\/index.php\/maenner\/#breadcrumb","itemListElement":[{"@type":"ListItem","position":1,"name":"Home","item":"https:\/\/www.feg-sulgen.ch\/"},{"@type":"ListItem","position":2,"name":"M\u00e4nner"}]},{"@type":"WebSite","@id":"https:\/\/www.feg-sulgen.ch\/#website","url":"https:\/\/www.feg-sulgen.ch\/","name":"FEG Sulgen","description":"Als Einheit in Bewegung!","publisher":{"@id":"https:\/\/www.feg-sulgen.ch\/#organization"},"potentialAction":[{"@type":"SearchAction","target":{"@type":"EntryPoint","urlTemplate":"https:\/\/www.feg-sulgen.ch\/?s={search_term_string}"},"query-input":{"@type":"PropertyValueSpecification","valueRequired":true,"valueName":"search_term_string"}}],"inLanguage":"de"},{"@type":"Organization","@id":"https:\/\/www.feg-sulgen.ch\/#organization","name":"FEG Sulgen","url":"https:\/\/www.feg-sulgen.ch\/","logo":{"@type":"ImageObject","inLanguage":"de","@id":"https:\/\/www.feg-sulgen.ch\/#\/schema\/logo\/image\/","url":"https:\/\/www.feg-sulgen.ch\/wp-content\/uploads\/2020\/05\/cropped-FEG-Sulgen-3.jpg","contentUrl":"https:\/\/www.feg-sulgen.ch\/wp-content\/uploads\/2020\/05\/cropped-FEG-Sulgen-3.jpg","width":658,"height":257,"caption":"FEG Sulgen"},"image":{"@id":"https:\/\/www.feg-sulgen.ch\/#\/schema\/logo\/image\/"}}]}},"_links":{"self":[{"href":"https:\/\/www.feg-sulgen.ch\/index.php\/wp-json\/wp\/v2\/pages\/869","targetHints":{"allow":["GET"]}}],"collection":[{"href":"https:\/\/www.feg-sulgen.ch\/index.php\/wp-json\/wp\/v2\/pages"}],"about":[{"href":"https:\/\/www.feg-sulgen.ch\/index.php\/wp-json\/wp\/v2\/types\/page"}],"author":[{"embeddable":true,"href":"https:\/\/www.feg-sulgen.ch\/index.php\/wp-json\/wp\/v2\/users\/1"}],"replies":[{"embeddable":true,"href":"https:\/\/www.feg-sulgen.ch\/index.php\/wp-json\/wp\/v2\/comments?post=869"}],"version-history":[{"count":6,"href":"https:\/\/www.feg-sulgen.ch\/index.php\/wp-json\/wp\/v2\/pages\/869\/revisions"}],"predecessor-version":[{"id":17029,"href":"https:\/\/www.feg-sulgen.ch\/index.php\/wp-json\/wp\/v2\/pages\/869\/revisions\/17029"}],"wp:attachment":[{"href":"https:\/\/www.feg-sulgen.ch\/index.php\/wp-json\/wp\/v2\/media?parent=869"}],"curies":[{"name":"wp","href":"https:\/\/api.w.org\/{rel}","templated":true}]}}