{"id":924,"date":"2020-07-17T12:28:31","date_gmt":"2020-07-17T12:28:31","guid":{"rendered":"https:\/\/new.legacysulgen.ch\/?page_id=924"},"modified":"2022-12-01T12:41:22","modified_gmt":"2022-12-01T12:41:22","slug":"brass-band","status":"publish","type":"page","link":"https:\/\/www.feg-sulgen.ch\/index.php\/brass-band\/","title":{"rendered":"FEG Brass Band Sulgen"},"content":{"rendered":"\t\t<div data-elementor-type=\"wp-page\" data-elementor-id=\"924\" class=\"elementor elementor-924\" data-elementor-post-type=\"page\">\n\t\t\t\t\t\t<section class=\"elementor-section elementor-top-section elementor-element elementor-element-a27b58f elementor-section-boxed elementor-section-height-default elementor-section-height-default\" data-id=\"a27b58f\" data-element_type=\"section\" data-e-type=\"section\">\n\t\t\t\t\t\t<div class=\"elementor-container elementor-column-gap-default\">\n\t\t\t\t\t<div class=\"elementor-column elementor-col-33 elementor-top-column elementor-element elementor-element-73e75d8\" data-id=\"73e75d8\" data-element_type=\"column\" data-e-type=\"column\">\n\t\t\t<div class=\"elementor-widget-wrap elementor-element-populated\">\n\t\t\t\t\t\t<div class=\"elementor-element elementor-element-7c95413 elementor-widget elementor-widget-image\" data-id=\"7c95413\" data-element_type=\"widget\" data-e-type=\"widget\" data-widget_type=\"image.default\">\n\t\t\t\t<div class=\"elementor-widget-container\">\n\t\t\t\t\t\t\t\t\t\t\t\t\t\t\t<img fetchpriority=\"high\" decoding=\"async\" width=\"934\" height=\"327\" src=\"https:\/\/www.feg-sulgen.ch\/wp-content\/uploads\/2020\/07\/Brass-Band.jpg\" class=\"attachment-2048x2048 size-2048x2048 wp-image-713\" alt=\"\" srcset=\"https:\/\/www.feg-sulgen.ch\/wp-content\/uploads\/2020\/07\/Brass-Band.jpg 934w, https:\/\/www.feg-sulgen.ch\/wp-content\/uploads\/2020\/07\/Brass-Band-300x105.jpg 300w, https:\/\/www.feg-sulgen.ch\/wp-content\/uploads\/2020\/07\/Brass-Band-768x269.jpg 768w\" sizes=\"(max-width: 934px) 100vw, 934px\" \/>\t\t\t\t\t\t\t\t\t\t\t\t\t\t\t<\/div>\n\t\t\t\t<\/div>\n\t\t\t\t\t<\/div>\n\t\t<\/div>\n\t\t\t\t<div class=\"elementor-column elementor-col-33 elementor-top-column elementor-element elementor-element-fae0565\" data-id=\"fae0565\" data-element_type=\"column\" data-e-type=\"column\">\n\t\t\t<div class=\"elementor-widget-wrap\">\n\t\t\t\t\t\t\t<\/div>\n\t\t<\/div>\n\t\t\t\t<div class=\"elementor-column elementor-col-33 elementor-top-column elementor-element elementor-element-1c1c8f2\" data-id=\"1c1c8f2\" data-element_type=\"column\" data-e-type=\"column\">\n\t\t\t<div class=\"elementor-widget-wrap elementor-element-populated\">\n\t\t\t\t\t\t<div class=\"elementor-element elementor-element-193f64f elementor-widget elementor-widget-image\" data-id=\"193f64f\" data-element_type=\"widget\" data-e-type=\"widget\" data-widget_type=\"image.default\">\n\t\t\t\t<div class=\"elementor-widget-container\">\n\t\t\t\t\t\t\t\t\t\t\t\t\t\t\t<img decoding=\"async\" src=\"https:\/\/www.feg-sulgen.ch\/wp-content\/uploads\/elementor\/thumbs\/Philipp-Fisch-pyituzuqwafg9hsmn3rwj9evg2b0719kj04nxxugpw.png\" title=\"Philipp Fisch\" alt=\"Philipp Fisch\" loading=\"lazy\" \/>\t\t\t\t\t\t\t\t\t\t\t\t\t\t\t<\/div>\n\t\t\t\t<\/div>\n\t\t\t\t<div class=\"elementor-element elementor-element-436ea13 elementor-widget elementor-widget-text-editor\" data-id=\"436ea13\" data-element_type=\"widget\" data-e-type=\"widget\" data-widget_type=\"text-editor.default\">\n\t\t\t\t<div class=\"elementor-widget-container\">\n\t\t\t\t\t\t\t\t\t<p style=\"text-align: center;\">Philipp Fisch<\/p>\t\t\t\t\t\t\t\t<\/div>\n\t\t\t\t<\/div>\n\t\t\t\t<div class=\"elementor-element elementor-element-847a1fc elementor-view-default elementor-widget elementor-widget-icon\" data-id=\"847a1fc\" data-element_type=\"widget\" data-e-type=\"widget\" data-widget_type=\"icon.default\">\n\t\t\t\t<div class=\"elementor-widget-container\">\n\t\t\t\t\t\t\t<div class=\"elementor-icon-wrapper\">\n\t\t\t<a class=\"elementor-icon\" href=\"mailto:presi@fegbbs.ch\">\n\t\t\t<i aria-hidden=\"true\" class=\"far fa-envelope\"><\/i>\t\t\t<\/a>\n\t\t<\/div>\n\t\t\t\t\t\t<\/div>\n\t\t\t\t<\/div>\n\t\t\t\t\t<\/div>\n\t\t<\/div>\n\t\t\t\t\t<\/div>\n\t\t<\/section>\n\t\t\t\t<section class=\"elementor-section elementor-top-section elementor-element elementor-element-696ce2f elementor-section-boxed elementor-section-height-default elementor-section-height-default\" data-id=\"696ce2f\" data-element_type=\"section\" data-e-type=\"section\">\n\t\t\t\t\t\t<div class=\"elementor-container elementor-column-gap-default\">\n\t\t\t\t\t<div class=\"elementor-column elementor-col-100 elementor-top-column elementor-element elementor-element-b83fec7\" data-id=\"b83fec7\" data-element_type=\"column\" data-e-type=\"column\">\n\t\t\t<div class=\"elementor-widget-wrap elementor-element-populated\">\n\t\t\t\t\t\t<div class=\"elementor-element elementor-element-8b3d36b elementor-widget elementor-widget-text-editor\" data-id=\"8b3d36b\" data-element_type=\"widget\" data-e-type=\"widget\" data-widget_type=\"text-editor.default\">\n\t\t\t\t<div class=\"elementor-widget-container\">\n\t\t\t\t\t\t\t\t\t<p>Wir bieten die M\u00f6glichkeit, bei uns das spielen eines Instrumentes zu erlernen, m\u00f6chten im Verein mit guter Musik Gott loben, f\u00fcr einander da sein und mit unseren Konzerten eine Freude bereiten.<\/p>\t\t\t\t\t\t\t\t<\/div>\n\t\t\t\t<\/div>\n\t\t\t\t<div class=\"elementor-element elementor-element-1200b8d elementor-widget-divider--view-line elementor-widget elementor-widget-divider\" data-id=\"1200b8d\" data-element_type=\"widget\" data-e-type=\"widget\" data-widget_type=\"divider.default\">\n\t\t\t\t<div class=\"elementor-widget-container\">\n\t\t\t\t\t\t\t<div class=\"elementor-divider\">\n\t\t\t<span class=\"elementor-divider-separator\">\n\t\t\t\t\t\t<\/span>\n\t\t<\/div>\n\t\t\t\t\t\t<\/div>\n\t\t\t\t<\/div>\n\t\t\t\t\t<\/div>\n\t\t<\/div>\n\t\t\t\t\t<\/div>\n\t\t<\/section>\n\t\t\t\t<section class=\"elementor-section elementor-top-section elementor-element elementor-element-73df7b7 elementor-section-boxed elementor-section-height-default elementor-section-height-default\" data-id=\"73df7b7\" data-element_type=\"section\" data-e-type=\"section\">\n\t\t\t\t\t\t<div class=\"elementor-container elementor-column-gap-default\">\n\t\t\t\t\t<div class=\"elementor-column elementor-col-100 elementor-top-column elementor-element elementor-element-6bb01bb\" data-id=\"6bb01bb\" data-element_type=\"column\" data-e-type=\"column\">\n\t\t\t<div class=\"elementor-widget-wrap elementor-element-populated\">\n\t\t\t\t\t\t<div class=\"elementor-element elementor-element-3028025 elementor-widget elementor-widget-text-editor\" data-id=\"3028025\" data-element_type=\"widget\" data-e-type=\"widget\" data-widget_type=\"text-editor.default\">\n\t\t\t\t<div class=\"elementor-widget-container\">\n\t\t\t\t\t\t\t\t\t<h2>wir treffen uns&#8230;<\/h2>\t\t\t\t\t\t\t\t<\/div>\n\t\t\t\t<\/div>\n\t\t\t\t\t<\/div>\n\t\t<\/div>\n\t\t\t\t\t<\/div>\n\t\t<\/section>\n\t\t\t\t<section class=\"elementor-section elementor-top-section elementor-element elementor-element-99ee979 elementor-section-boxed elementor-section-height-default elementor-section-height-default\" data-id=\"99ee979\" data-element_type=\"section\" data-e-type=\"section\">\n\t\t\t\t\t\t<div class=\"elementor-container elementor-column-gap-default\">\n\t\t\t\t\t<div class=\"elementor-column elementor-col-100 elementor-top-column elementor-element elementor-element-5a0428b\" data-id=\"5a0428b\" data-element_type=\"column\" data-e-type=\"column\">\n\t\t\t<div class=\"elementor-widget-wrap elementor-element-populated\">\n\t\t\t\t\t\t<div class=\"elementor-element elementor-element-60dc974 elementor-widget elementor-widget-text-editor\" data-id=\"60dc974\" data-element_type=\"widget\" data-e-type=\"widget\" data-widget_type=\"text-editor.default\">\n\t\t\t\t<div class=\"elementor-widget-container\">\n\t\t\t\t\t\t\t\t\t<p>Jeden Dienstagabend von 20:00 bis 22:00 Uhr zur Probe.<\/p>\t\t\t\t\t\t\t\t<\/div>\n\t\t\t\t<\/div>\n\t\t\t\t<div class=\"elementor-element elementor-element-e99c79a elementor-widget-divider--view-line elementor-widget elementor-widget-divider\" data-id=\"e99c79a\" data-element_type=\"widget\" data-e-type=\"widget\" data-widget_type=\"divider.default\">\n\t\t\t\t<div class=\"elementor-widget-container\">\n\t\t\t\t\t\t\t<div class=\"elementor-divider\">\n\t\t\t<span class=\"elementor-divider-separator\">\n\t\t\t\t\t\t<\/span>\n\t\t<\/div>\n\t\t\t\t\t\t<\/div>\n\t\t\t\t<\/div>\n\t\t\t\t\t<\/div>\n\t\t<\/div>\n\t\t\t\t\t<\/div>\n\t\t<\/section>\n\t\t\t\t<section class=\"elementor-section elementor-top-section elementor-element elementor-element-791dfda elementor-section-boxed elementor-section-height-default elementor-section-height-default\" data-id=\"791dfda\" data-element_type=\"section\" data-e-type=\"section\">\n\t\t\t\t\t\t<div class=\"elementor-container elementor-column-gap-default\">\n\t\t\t\t\t<div class=\"elementor-column elementor-col-100 elementor-top-column elementor-element elementor-element-9a878b9\" data-id=\"9a878b9\" data-element_type=\"column\" data-e-type=\"column\">\n\t\t\t<div class=\"elementor-widget-wrap elementor-element-populated\">\n\t\t\t\t\t\t<div class=\"elementor-element elementor-element-83d9f4c elementor-view-default elementor-position-block-start elementor-mobile-position-block-start elementor-widget elementor-widget-icon-box\" data-id=\"83d9f4c\" data-element_type=\"widget\" data-e-type=\"widget\" data-widget_type=\"icon-box.default\">\n\t\t\t\t<div class=\"elementor-widget-container\">\n\t\t\t\t\t\t\t<div class=\"elementor-icon-box-wrapper\">\n\n\t\t\t\t\t\t<div class=\"elementor-icon-box-icon\">\n\t\t\t\t<a href=\"https:\/\/www.fegbbs.ch\/\" target=\"_blank\" class=\"elementor-icon\" tabindex=\"-1\">\n\t\t\t\t<i aria-hidden=\"true\" class=\"fas fa-home\"><\/i>\t\t\t\t<\/a>\n\t\t\t<\/div>\n\t\t\t\n\t\t\t\t\t\t<div class=\"elementor-icon-box-content\">\n\n\t\t\t\t\n\t\t\t\t\t\t\t\t\t<p class=\"elementor-icon-box-description\">\n\t\t\t\t\t\tHomepage FEG BRASS BAND Sulgen\t\t\t\t\t<\/p>\n\t\t\t\t\n\t\t\t<\/div>\n\t\t\t\n\t\t<\/div>\n\t\t\t\t\t\t<\/div>\n\t\t\t\t<\/div>\n\t\t\t\t\t<\/div>\n\t\t<\/div>\n\t\t\t\t\t<\/div>\n\t\t<\/section>\n\t\t\t\t<\/div>\n\t\t","protected":false},"excerpt":{"rendered":"<p>Philipp Fisch Wir bieten die M\u00f6glichkeit, bei uns das spielen eines Instrumentes zu erlernen, m\u00f6chten im Verein mit guter Musik Gott loben, f\u00fcr einander da sein und mit unseren Konzerten eine Freude bereiten. wir treffen uns&#8230; Jeden Dienstagabend von 20:00 bis 22:00 Uhr zur Probe. Homepage FEG BRASS BAND Sulgen<\/p>\n","protected":false},"author":1,"featured_media":0,"parent":0,"menu_order":0,"comment_status":"closed","ping_status":"closed","template":"","meta":{"footnotes":""},"class_list":["post-924","page","type-page","status-publish"],"yoast_head":"<!-- This site is optimized with the Yoast SEO plugin v27.4 - https:\/\/yoast.com\/product\/yoast-seo-wordpress\/ -->\n<title>FEG Brass Band Sulgen - FEG Sulgen<\/title>\n<meta name=\"robots\" content=\"index, follow, max-snippet:-1, max-image-preview:large, max-video-preview:-1\" \/>\n<link rel=\"canonical\" href=\"https:\/\/www.feg-sulgen.ch\/index.php\/brass-band\/\" \/>\n<meta property=\"og:locale\" content=\"de_DE\" \/>\n<meta property=\"og:type\" content=\"article\" \/>\n<meta property=\"og:title\" content=\"FEG Brass Band Sulgen - FEG Sulgen\" \/>\n<meta property=\"og:description\" content=\"Philipp Fisch Wir bieten die M\u00f6glichkeit, bei uns das spielen eines Instrumentes zu erlernen, m\u00f6chten im Verein mit guter Musik Gott loben, f\u00fcr einander da sein und mit unseren Konzerten eine Freude bereiten. wir treffen uns&#8230; Jeden Dienstagabend von 20:00 bis 22:00 Uhr zur Probe. Homepage FEG BRASS BAND Sulgen\" \/>\n<meta property=\"og:url\" content=\"https:\/\/www.feg-sulgen.ch\/index.php\/brass-band\/\" \/>\n<meta property=\"og:site_name\" content=\"FEG Sulgen\" \/>\n<meta property=\"article:modified_time\" content=\"2022-12-01T12:41:22+00:00\" \/>\n<meta property=\"og:image\" content=\"https:\/\/www.feg-sulgen.ch\/wp-content\/uploads\/2020\/07\/Brass-Band.jpg\" \/>\n<meta name=\"twitter:card\" content=\"summary_large_image\" \/>\n<script type=\"application\/ld+json\" class=\"yoast-schema-graph\">{\"@context\":\"https:\\\/\\\/schema.org\",\"@graph\":[{\"@type\":\"WebPage\",\"@id\":\"https:\\\/\\\/www.feg-sulgen.ch\\\/index.php\\\/brass-band\\\/\",\"url\":\"https:\\\/\\\/www.feg-sulgen.ch\\\/index.php\\\/brass-band\\\/\",\"name\":\"FEG Brass Band Sulgen - FEG Sulgen\",\"isPartOf\":{\"@id\":\"https:\\\/\\\/www.feg-sulgen.ch\\\/#website\"},\"primaryImageOfPage\":{\"@id\":\"https:\\\/\\\/www.feg-sulgen.ch\\\/index.php\\\/brass-band\\\/#primaryimage\"},\"image\":{\"@id\":\"https:\\\/\\\/www.feg-sulgen.ch\\\/index.php\\\/brass-band\\\/#primaryimage\"},\"thumbnailUrl\":\"https:\\\/\\\/www.feg-sulgen.ch\\\/wp-content\\\/uploads\\\/2020\\\/07\\\/Brass-Band.jpg\",\"datePublished\":\"2020-07-17T12:28:31+00:00\",\"dateModified\":\"2022-12-01T12:41:22+00:00\",\"breadcrumb\":{\"@id\":\"https:\\\/\\\/www.feg-sulgen.ch\\\/index.php\\\/brass-band\\\/#breadcrumb\"},\"inLanguage\":\"de\",\"potentialAction\":[{\"@type\":\"ReadAction\",\"target\":[\"https:\\\/\\\/www.feg-sulgen.ch\\\/index.php\\\/brass-band\\\/\"]}]},{\"@type\":\"ImageObject\",\"inLanguage\":\"de\",\"@id\":\"https:\\\/\\\/www.feg-sulgen.ch\\\/index.php\\\/brass-band\\\/#primaryimage\",\"url\":\"https:\\\/\\\/www.feg-sulgen.ch\\\/wp-content\\\/uploads\\\/2020\\\/07\\\/Brass-Band.jpg\",\"contentUrl\":\"https:\\\/\\\/www.feg-sulgen.ch\\\/wp-content\\\/uploads\\\/2020\\\/07\\\/Brass-Band.jpg\",\"width\":934,\"height\":327},{\"@type\":\"BreadcrumbList\",\"@id\":\"https:\\\/\\\/www.feg-sulgen.ch\\\/index.php\\\/brass-band\\\/#breadcrumb\",\"itemListElement\":[{\"@type\":\"ListItem\",\"position\":1,\"name\":\"Home\",\"item\":\"https:\\\/\\\/www.feg-sulgen.ch\\\/\"},{\"@type\":\"ListItem\",\"position\":2,\"name\":\"FEG Brass Band Sulgen\"}]},{\"@type\":\"WebSite\",\"@id\":\"https:\\\/\\\/www.feg-sulgen.ch\\\/#website\",\"url\":\"https:\\\/\\\/www.feg-sulgen.ch\\\/\",\"name\":\"FEG Sulgen\",\"description\":\"Als Einheit in Bewegung!\",\"publisher\":{\"@id\":\"https:\\\/\\\/www.feg-sulgen.ch\\\/#organization\"},\"potentialAction\":[{\"@type\":\"SearchAction\",\"target\":{\"@type\":\"EntryPoint\",\"urlTemplate\":\"https:\\\/\\\/www.feg-sulgen.ch\\\/?s={search_term_string}\"},\"query-input\":{\"@type\":\"PropertyValueSpecification\",\"valueRequired\":true,\"valueName\":\"search_term_string\"}}],\"inLanguage\":\"de\"},{\"@type\":\"Organization\",\"@id\":\"https:\\\/\\\/www.feg-sulgen.ch\\\/#organization\",\"name\":\"FEG Sulgen\",\"url\":\"https:\\\/\\\/www.feg-sulgen.ch\\\/\",\"logo\":{\"@type\":\"ImageObject\",\"inLanguage\":\"de\",\"@id\":\"https:\\\/\\\/www.feg-sulgen.ch\\\/#\\\/schema\\\/logo\\\/image\\\/\",\"url\":\"https:\\\/\\\/www.feg-sulgen.ch\\\/wp-content\\\/uploads\\\/2020\\\/05\\\/cropped-FEG-Sulgen-3.jpg\",\"contentUrl\":\"https:\\\/\\\/www.feg-sulgen.ch\\\/wp-content\\\/uploads\\\/2020\\\/05\\\/cropped-FEG-Sulgen-3.jpg\",\"width\":658,\"height\":257,\"caption\":\"FEG Sulgen\"},\"image\":{\"@id\":\"https:\\\/\\\/www.feg-sulgen.ch\\\/#\\\/schema\\\/logo\\\/image\\\/\"}}]}<\/script>\n<!-- \/ Yoast SEO plugin. -->","yoast_head_json":{"title":"FEG Brass Band Sulgen - FEG Sulgen","robots":{"index":"index","follow":"follow","max-snippet":"max-snippet:-1","max-image-preview":"max-image-preview:large","max-video-preview":"max-video-preview:-1"},"canonical":"https:\/\/www.feg-sulgen.ch\/index.php\/brass-band\/","og_locale":"de_DE","og_type":"article","og_title":"FEG Brass Band Sulgen - FEG Sulgen","og_description":"Philipp Fisch Wir bieten die M\u00f6glichkeit, bei uns das spielen eines Instrumentes zu erlernen, m\u00f6chten im Verein mit guter Musik Gott loben, f\u00fcr einander da sein und mit unseren Konzerten eine Freude bereiten. wir treffen uns&#8230; Jeden Dienstagabend von 20:00 bis 22:00 Uhr zur Probe. Homepage FEG BRASS BAND Sulgen","og_url":"https:\/\/www.feg-sulgen.ch\/index.php\/brass-band\/","og_site_name":"FEG Sulgen","article_modified_time":"2022-12-01T12:41:22+00:00","og_image":[{"url":"https:\/\/www.feg-sulgen.ch\/wp-content\/uploads\/2020\/07\/Brass-Band.jpg","type":"","width":"","height":""}],"twitter_card":"summary_large_image","schema":{"@context":"https:\/\/schema.org","@graph":[{"@type":"WebPage","@id":"https:\/\/www.feg-sulgen.ch\/index.php\/brass-band\/","url":"https:\/\/www.feg-sulgen.ch\/index.php\/brass-band\/","name":"FEG Brass Band Sulgen - FEG Sulgen","isPartOf":{"@id":"https:\/\/www.feg-sulgen.ch\/#website"},"primaryImageOfPage":{"@id":"https:\/\/www.feg-sulgen.ch\/index.php\/brass-band\/#primaryimage"},"image":{"@id":"https:\/\/www.feg-sulgen.ch\/index.php\/brass-band\/#primaryimage"},"thumbnailUrl":"https:\/\/www.feg-sulgen.ch\/wp-content\/uploads\/2020\/07\/Brass-Band.jpg","datePublished":"2020-07-17T12:28:31+00:00","dateModified":"2022-12-01T12:41:22+00:00","breadcrumb":{"@id":"https:\/\/www.feg-sulgen.ch\/index.php\/brass-band\/#breadcrumb"},"inLanguage":"de","potentialAction":[{"@type":"ReadAction","target":["https:\/\/www.feg-sulgen.ch\/index.php\/brass-band\/"]}]},{"@type":"ImageObject","inLanguage":"de","@id":"https:\/\/www.feg-sulgen.ch\/index.php\/brass-band\/#primaryimage","url":"https:\/\/www.feg-sulgen.ch\/wp-content\/uploads\/2020\/07\/Brass-Band.jpg","contentUrl":"https:\/\/www.feg-sulgen.ch\/wp-content\/uploads\/2020\/07\/Brass-Band.jpg","width":934,"height":327},{"@type":"BreadcrumbList","@id":"https:\/\/www.feg-sulgen.ch\/index.php\/brass-band\/#breadcrumb","itemListElement":[{"@type":"ListItem","position":1,"name":"Home","item":"https:\/\/www.feg-sulgen.ch\/"},{"@type":"ListItem","position":2,"name":"FEG Brass Band Sulgen"}]},{"@type":"WebSite","@id":"https:\/\/www.feg-sulgen.ch\/#website","url":"https:\/\/www.feg-sulgen.ch\/","name":"FEG Sulgen","description":"Als Einheit in Bewegung!","publisher":{"@id":"https:\/\/www.feg-sulgen.ch\/#organization"},"potentialAction":[{"@type":"SearchAction","target":{"@type":"EntryPoint","urlTemplate":"https:\/\/www.feg-sulgen.ch\/?s={search_term_string}"},"query-input":{"@type":"PropertyValueSpecification","valueRequired":true,"valueName":"search_term_string"}}],"inLanguage":"de"},{"@type":"Organization","@id":"https:\/\/www.feg-sulgen.ch\/#organization","name":"FEG Sulgen","url":"https:\/\/www.feg-sulgen.ch\/","logo":{"@type":"ImageObject","inLanguage":"de","@id":"https:\/\/www.feg-sulgen.ch\/#\/schema\/logo\/image\/","url":"https:\/\/www.feg-sulgen.ch\/wp-content\/uploads\/2020\/05\/cropped-FEG-Sulgen-3.jpg","contentUrl":"https:\/\/www.feg-sulgen.ch\/wp-content\/uploads\/2020\/05\/cropped-FEG-Sulgen-3.jpg","width":658,"height":257,"caption":"FEG Sulgen"},"image":{"@id":"https:\/\/www.feg-sulgen.ch\/#\/schema\/logo\/image\/"}}]}},"_links":{"self":[{"href":"https:\/\/www.feg-sulgen.ch\/index.php\/wp-json\/wp\/v2\/pages\/924","targetHints":{"allow":["GET"]}}],"collection":[{"href":"https:\/\/www.feg-sulgen.ch\/index.php\/wp-json\/wp\/v2\/pages"}],"about":[{"href":"https:\/\/www.feg-sulgen.ch\/index.php\/wp-json\/wp\/v2\/types\/page"}],"author":[{"embeddable":true,"href":"https:\/\/www.feg-sulgen.ch\/index.php\/wp-json\/wp\/v2\/users\/1"}],"replies":[{"embeddable":true,"href":"https:\/\/www.feg-sulgen.ch\/index.php\/wp-json\/wp\/v2\/comments?post=924"}],"version-history":[{"count":0,"href":"https:\/\/www.feg-sulgen.ch\/index.php\/wp-json\/wp\/v2\/pages\/924\/revisions"}],"wp:attachment":[{"href":"https:\/\/www.feg-sulgen.ch\/index.php\/wp-json\/wp\/v2\/media?parent=924"}],"curies":[{"name":"wp","href":"https:\/\/api.w.org\/{rel}","templated":true}]}}